{"id":3515,"date":"2025-12-18T06:07:47","date_gmt":"2025-12-18T05:07:47","guid":{"rendered":"https:\/\/maoustudio.hu\/?page_id=3515"},"modified":"2025-12-18T07:03:06","modified_gmt":"2025-12-18T06:03:06","slug":"elementor-3515","status":"publish","type":"page","link":"https:\/\/maoustudio.hu\/en\/elementor-3515\/","title":{"rendered":"Tab\u00e1n &#8211; Timetable \/ Booking"},"content":{"rendered":"\t\t<div data-elementor-type=\"wp-page\" data-elementor-id=\"3515\" class=\"elementor elementor-3515\">\n\t\t\t\t\t\t\t\t\t<section class=\"elementor-section elementor-top-section elementor-element elementor-element-7479ef1 elementor-section-boxed elementor-section-height-default elementor-section-height-default\" data-id=\"7479ef1\" data-element_type=\"section\" data-settings=\"{&quot;jet_parallax_layout_list&quot;:[]}\">\n\t\t\t\t\t\t<div class=\"elementor-container elementor-column-gap-wide\">\n\t\t\t\t\t<div class=\"elementor-column elementor-col-100 elementor-top-column elementor-element elementor-element-5d13508\" data-id=\"5d13508\" data-element_type=\"column\">\n\t\t\t<div class=\"elementor-widget-wrap elementor-element-populated\">\n\t\t\t\t\t\t\t\t<div class=\"elementor-element elementor-element-ba32746 elementor-align-center elementor-widget elementor-widget-raven-heading\" data-id=\"ba32746\" data-element_type=\"widget\" data-widget_type=\"raven-heading.default\">\n\t\t\t\t<div class=\"elementor-widget-container\">\n\t\t\t\t\t<div class=\"raven-widget-wrapper\"><h1 class=\"raven-heading raven-heading-h1\"><span class=\"raven-heading-title \">Timetable \/ Booking<\/span><\/h1><\/div>\n\t\t\t\t<\/div>\n\t\t\t\t<\/div>\n\t\t\t\t<div class=\"elementor-element elementor-element-9d3b8cf elementor-widget elementor-widget-image\" data-id=\"9d3b8cf\" data-element_type=\"widget\" data-widget_type=\"image.default\">\n\t\t\t\t<div class=\"elementor-widget-container\">\n\t\t\t<style>\/*! elementor - v3.13.2 - 11-05-2023 *\/\n.elementor-widget-image{text-align:center}.elementor-widget-image a{display:inline-block}.elementor-widget-image a img[src$=\".svg\"]{width:48px}.elementor-widget-image img{vertical-align:middle;display:inline-block}<\/style>\t\t\t\t\t\t\t\t\t\t\t\t<img decoding=\"async\" src=\"https:\/\/maoustudio.hu\/wp-content\/uploads\/elementor\/thumbs\/Screenshot-2024-09-25-at-22.48.28-qun865n5iuwyf2t0zi5w7s0pc24dygupugjy6knv40.png\" title=\"Screenshot 2024-09-25 at 22.48.28\" alt=\"Screenshot 2024-09-25 at 22.48.28\" loading=\"lazy\" \/>\t\t\t\t\t\t\t\t\t\t\t\t\t\t\t<\/div>\n\t\t\t\t<\/div>\n\t\t\t\t<div class=\"elementor-element elementor-element-b7249f2 elementor-widget elementor-widget-text-editor\" data-id=\"b7249f2\" data-element_type=\"widget\" data-widget_type=\"text-editor.default\">\n\t\t\t\t<div class=\"elementor-widget-container\">\n\t\t\t<style>\/*! elementor - v3.13.2 - 11-05-2023 *\/\n.elementor-widget-text-editor.elementor-drop-cap-view-stacked .elementor-drop-cap{background-color:#69727d;color:#fff}.elementor-widget-text-editor.elementor-drop-cap-view-framed .elementor-drop-cap{color:#69727d;border:3px solid;background-color:transparent}.elementor-widget-text-editor:not(.elementor-drop-cap-view-default) .elementor-drop-cap{margin-top:8px}.elementor-widget-text-editor:not(.elementor-drop-cap-view-default) .elementor-drop-cap-letter{width:1em;height:1em}.elementor-widget-text-editor .elementor-drop-cap{float:left;text-align:center;line-height:1;font-size:50px}.elementor-widget-text-editor .elementor-drop-cap-letter{display:inline-block}<\/style>\t\t\t\t<p>Choose a location<\/p>\t\t\t\t\t\t<\/div>\n\t\t\t\t<\/div>\n\t\t\t\t<div class=\"elementor-element elementor-element-bd3a472 raven-nav-alignment-center main-layout-horizontal pointer-none submenu-anim-fade raven-dropdown-stretch raven-nav-menu-align-center submenu-position-bottom elementor-widget elementor-widget-raven-advanced-nav-menu\" data-id=\"bd3a472\" data-element_type=\"widget\" data-settings=\"{&quot;submenu_indicator&quot;:{&quot;value&quot;:&quot;fas fa-angle-down&quot;,&quot;library&quot;:&quot;fa-solid&quot;},&quot;full_width&quot;:&quot;stretch&quot;,&quot;mobile_layout&quot;:&quot;dropdown&quot;,&quot;submenu_opening_position&quot;:&quot;bottom&quot;}\" data-widget_type=\"raven-advanced-nav-menu.default\">\n\t\t\t\t<div class=\"elementor-widget-container\">\n\t\t\t\t\t<!-- Main Menu -->\n\t\t<nav data-layout=\"horizontal\" class=\"raven-adnav-menu-main raven-adnav-menu-horizontal  \">\n\t\t\t\t\t<ul id=\"menu-bd3a472\" class=\"raven-adnav-menu\">\n\t\t\t\t\t\t\t\t<li class=\"menu-item\" data-width_type=\"default\" data-submenu_pos=\"center\">\n\t\t\t\t\t\t\t\t<a href=\"https:\/\/maoustudio.hu\/orarend-foglalas\/hegyvidek\" class=\"raven-link-item raven-menu-item\">\n\t\t\t\t\t\t<span class=\"link-text\">\n\t\t\t\t<span class=\"link-label\">\n\t\t\t\t\tHegyvid\u00e9k\t\t\t\t<\/span>\n\t\t\t\t\t\t\t<\/span>\n\t\t<\/a>\n\t\t\t\t\t\t\t<\/li>\n\t\t\t\t\t\t\t\t\t\t<li class=\"menu-item\" data-width_type=\"default\" data-submenu_pos=\"center\">\n\t\t\t\t\t\t\t\t<a href=\"https:\/\/maoustudio.hu\/orarend-foglalas\/ujbuda\" class=\"raven-link-item raven-menu-item\">\n\t\t\t\t\t\t<span class=\"link-text\">\n\t\t\t\t<span class=\"link-label\">\n\t\t\t\t\t\u00dajbuda\t\t\t\t<\/span>\n\t\t\t\t\t\t\t<\/span>\n\t\t<\/a>\n\t\t\t\t\t\t\t<\/li>\n\t\t\t\t\t\t\t\t\t\t<li class=\"menu-item\" data-width_type=\"default\" data-submenu_pos=\"center\">\n\t\t\t\t\t\t\t\t<a href=\"https:\/\/maoustudio.hu\/en\/elementor-3515\" class=\"raven-link-item raven-menu-item active-link\">\n\t\t\t\t\t\t<span class=\"link-text\">\n\t\t\t\t<span class=\"link-label\">\n\t\t\t\t\tTab\u00e1n\t\t\t\t<\/span>\n\t\t\t\t\t\t\t<\/span>\n\t\t<\/a>\n\t\t\t\t\t\t\t<\/li>\n\t\t\t\t\t\t\t<\/ul>\n\t\t\t\t<\/nav>\n\t\t\t\t<\/div>\n\t\t\t\t<\/div>\n\t\t\t\t\t<\/div>\n\t\t<\/div>\n\t\t\t\t\t\t\t<\/div>\n\t\t<\/section>\n\t\t\t\t<section class=\"elementor-section elementor-top-section elementor-element elementor-element-ab9d54c elementor-section-boxed elementor-section-height-default elementor-section-height-default\" data-id=\"ab9d54c\" data-element_type=\"section\" data-settings=\"{&quot;jet_parallax_layout_list&quot;:[]}\">\n\t\t\t\t\t\t<div class=\"elementor-container elementor-column-gap-wider\">\n\t\t\t\t\t<div class=\"elementor-column elementor-col-33 elementor-top-column elementor-element elementor-element-e2fd989 map-column\" data-id=\"e2fd989\" data-element_type=\"column\">\n\t\t\t<div class=\"elementor-widget-wrap elementor-element-populated\">\n\t\t\t\t\t\t\t\t<div class=\"elementor-element elementor-element-c0a1ab1 elementor-widget elementor-widget-image\" data-id=\"c0a1ab1\" data-element_type=\"widget\" data-widget_type=\"image.default\">\n\t\t\t\t<div class=\"elementor-widget-container\">\n\t\t\t\t\t\t\t\t\t\t\t\t\t\t\t<img loading=\"lazy\" decoding=\"async\" width=\"1024\" height=\"640\" src=\"https:\/\/maoustudio.hu\/wp-content\/uploads\/2025\/12\/taban-reformer-terem-1024x640.jpg\" class=\"attachment-large size-large wp-image-3367\" alt=\"\" srcset=\"https:\/\/maoustudio.hu\/wp-content\/uploads\/2025\/12\/taban-reformer-terem-1024x640.jpg 1024w, https:\/\/maoustudio.hu\/wp-content\/uploads\/2025\/12\/taban-reformer-terem-300x188.jpg 300w, https:\/\/maoustudio.hu\/wp-content\/uploads\/2025\/12\/taban-reformer-terem-768x480.jpg 768w, https:\/\/maoustudio.hu\/wp-content\/uploads\/2025\/12\/taban-reformer-terem-1536x960.jpg 1536w, https:\/\/maoustudio.hu\/wp-content\/uploads\/2025\/12\/taban-reformer-terem-600x375.jpg 600w, https:\/\/maoustudio.hu\/wp-content\/uploads\/2025\/12\/taban-reformer-terem.jpg 2048w\" sizes=\"auto, (max-width: 1024px) 100vw, 1024px\" \/>\t\t\t\t\t\t\t\t\t\t\t\t\t\t\t<\/div>\n\t\t\t\t<\/div>\n\t\t\t\t\t<\/div>\n\t\t<\/div>\n\t\t\t\t<div class=\"elementor-column elementor-col-33 elementor-top-column elementor-element elementor-element-e95eab9 map-column\" data-id=\"e95eab9\" data-element_type=\"column\">\n\t\t\t<div class=\"elementor-widget-wrap elementor-element-populated\">\n\t\t\t\t\t\t\t\t<div class=\"elementor-element elementor-element-de76dbe elementor-widget elementor-widget-google_maps\" data-id=\"de76dbe\" data-element_type=\"widget\" data-widget_type=\"google_maps.default\">\n\t\t\t\t<div class=\"elementor-widget-container\">\n\t\t\t<style>\/*! elementor - v3.13.2 - 11-05-2023 *\/\n.elementor-widget-google_maps .elementor-widget-container{overflow:hidden}.elementor-widget-google_maps .elementor-custom-embed{line-height:0}.elementor-widget-google_maps iframe{height:300px}<\/style>\t\t<div class=\"elementor-custom-embed\">\n\t\t\t<iframe loading=\"lazy\"\n\t\t\t\t\tsrc=\"https:\/\/maps.google.com\/maps?q=Maou%20Pilates%20Studio%20-%20Tab%C3%A1n&#038;t=m&#038;z=14&#038;output=embed&#038;iwloc=near\"\n\t\t\t\t\ttitle=\"Maou Pilates Studio - Tab\u00e1n\"\n\t\t\t\t\taria-label=\"Maou Pilates Studio - Tab\u00e1n\"\n\t\t\t><\/iframe>\n\t\t<\/div>\n\t\t\t\t<\/div>\n\t\t\t\t<\/div>\n\t\t\t\t\t<\/div>\n\t\t<\/div>\n\t\t\t\t<div class=\"elementor-column elementor-col-33 elementor-top-column elementor-element elementor-element-654540a text-column\" data-id=\"654540a\" data-element_type=\"column\">\n\t\t\t<div class=\"elementor-widget-wrap elementor-element-populated\">\n\t\t\t\t\t\t\t\t<div class=\"elementor-element elementor-element-d32ab8d elementor-widget elementor-widget-heading\" data-id=\"d32ab8d\" data-element_type=\"widget\" data-widget_type=\"heading.default\">\n\t\t\t\t<div class=\"elementor-widget-container\">\n\t\t\t<style>\/*! elementor - v3.13.2 - 11-05-2023 *\/\n.elementor-heading-title{padding:0;margin:0;line-height:1}.elementor-widget-heading .elementor-heading-title[class*=elementor-size-]>a{color:inherit;font-size:inherit;line-height:inherit}.elementor-widget-heading .elementor-heading-title.elementor-size-small{font-size:15px}.elementor-widget-heading .elementor-heading-title.elementor-size-medium{font-size:19px}.elementor-widget-heading .elementor-heading-title.elementor-size-large{font-size:29px}.elementor-widget-heading .elementor-heading-title.elementor-size-xl{font-size:39px}.elementor-widget-heading .elementor-heading-title.elementor-size-xxl{font-size:59px}<\/style><h3 class=\"elementor-heading-title elementor-size-default\">Maou Tab\u00e1n<\/h3>\t\t<\/div>\n\t\t\t\t<\/div>\n\t\t\t\t<div class=\"elementor-element elementor-element-cc747cf elementor-widget elementor-widget-text-editor\" data-id=\"cc747cf\" data-element_type=\"widget\" data-widget_type=\"text-editor.default\">\n\t\t\t\t<div class=\"elementor-widget-container\">\n\t\t\t\t\t\t\t<p><span style=\"color: var( --e-global-color-text ); font-family: var( --e-global-typography-text-font-family ), Sans-serif; font-weight: var( --e-global-typography-text-font-weight );\">Attila \u00fat 1-3.<br \/>Budapest, 1013<br \/><\/span><\/p><p><a href=\"mailto:taban@maoustudio.hu\">taban@maoustudio.hu<\/a><\/p><p><a href=\"tel:+36300720202\">+36 30 072 0202<\/a><\/p>\t\t\t\t\t\t<\/div>\n\t\t\t\t<\/div>\n\t\t\t\t<div class=\"elementor-element elementor-element-7125137 elementor-align-left elementor-widget elementor-widget-raven-button\" data-id=\"7125137\" data-element_type=\"widget\" data-widget_type=\"raven-button.default\">\n\t\t\t\t<div class=\"elementor-widget-container\">\n\t\t\t\t\t<div class=\"raven-widget-wrapper\">\n\t\t\t<a class=\"raven-button raven-button-widget-normal-effect-none raven-button-text-align- raven-button-link elementor-animation-none\" href=\"https:\/\/maoustudio.hu\/en\/faqs\/\">\n\t\t\t\t<span class=\"raven-button-content\">\n\t\t\t\t\t\n\t\t\t\t\t<div class=\"button-text-container\">\n\t\t\t\t\t\t\t\t\t\t\t\t<div class=\"raven-button-texts-wrapper\">\n\t\t\t\t\t\t\t<div class=\"button-text\">\n\t\t\t\t\t\t\t\t<span class=\"raven-button-text\">\n\t\t\t\t\t\t\t\t\tFrequently Asked Questions\t\t\t\t\t\t\t\t<\/span>\n\t\t\t\t\t\t\t<\/div>\n\t\t\t\t\t\t\t\t\t\t\t\t\t<\/div>\n\t\t\t\t\t\t\t\t\t\t\t<\/div>\n\t\t\t\t\t\n\t\t\t\t\t\t\t\t\t<\/span>\n\t\t\t<\/a>\n\t\t<\/div>\n\t\t\t\t<\/div>\n\t\t\t\t<\/div>\n\t\t\t\t\t<\/div>\n\t\t<\/div>\n\t\t\t\t\t\t\t<\/div>\n\t\t<\/section>\n\t\t\t\t<section class=\"elementor-section elementor-top-section elementor-element elementor-element-9fe4847 elementor-section-boxed elementor-section-height-default elementor-section-height-default\" data-id=\"9fe4847\" data-element_type=\"section\" data-settings=\"{&quot;jet_parallax_layout_list&quot;:[]}\">\n\t\t\t\t\t\t<div class=\"elementor-container elementor-column-gap-wider\">\n\t\t\t\t\t<div class=\"elementor-column elementor-col-100 elementor-top-column elementor-element elementor-element-fbcf1c2\" data-id=\"fbcf1c2\" data-element_type=\"column\">\n\t\t\t<div class=\"elementor-widget-wrap elementor-element-populated\">\n\t\t\t\t\t\t\t\t<div class=\"elementor-element elementor-element-5a53aa7 elementor-widget elementor-widget-heading\" data-id=\"5a53aa7\" data-element_type=\"widget\" data-widget_type=\"heading.default\">\n\t\t\t\t<div class=\"elementor-widget-container\">\n\t\t\t<p class=\"elementor-heading-title elementor-size-default\">Booking rules<\/p>\t\t<\/div>\n\t\t\t\t<\/div>\n\t\t\t\t<div class=\"elementor-element elementor-element-fcd1aeb elementor-widget elementor-widget-text-editor\" data-id=\"fcd1aeb\" data-element_type=\"widget\" data-widget_type=\"text-editor.default\">\n\t\t\t\t<div class=\"elementor-widget-container\">\n\t\t\t\t\t\t\t<p>Booking via Motibro system after sign-up. By reserving a spot you accept all the rules of Maou Studio regarding the booking.<br \/>If you cannot attend a pre-registered class, please cancel your reservation at least 24 hours prior the start of the class.<br \/>In case of late cancellations or no-shows, Maou Studio reserves the right to charge the full fee.<br \/>The classes are 50 minutes long, please arrive on time, not to disturb the beginning class.<br \/>Participation in the classes and use of the equipment is at everyone\u2019s own risk. <\/p>\n\t\t\t\t\t\t<\/div>\n\t\t\t\t<\/div>\n\t\t\t\t\t<\/div>\n\t\t<\/div>\n\t\t\t\t\t\t\t<\/div>\n\t\t<\/section>\n\t\t\t\t<section class=\"elementor-section elementor-top-section elementor-element elementor-element-bebd2d8 elementor-section-boxed elementor-section-height-default elementor-section-height-default\" data-id=\"bebd2d8\" data-element_type=\"section\" data-settings=\"{&quot;jet_parallax_layout_list&quot;:[]}\">\n\t\t\t\t\t\t<div class=\"elementor-container elementor-column-gap-default\">\n\t\t\t\t\t<div class=\"elementor-column elementor-col-100 elementor-top-column elementor-element elementor-element-3cefa20\" data-id=\"3cefa20\" data-element_type=\"column\">\n\t\t\t<div class=\"elementor-widget-wrap elementor-element-populated\">\n\t\t\t\t\t\t\t\t<div class=\"elementor-element elementor-element-f35bfee elementor-widget elementor-widget-html\" data-id=\"f35bfee\" data-element_type=\"widget\" data-widget_type=\"html.default\">\n\t\t\t\t<div class=\"elementor-widget-container\">\n\t\t\t<iframe loading=\"lazy\" src=\"https:\/\/www.motibro.com\/visitors\/reservation_widget?course_ids=26085%2C22486%2C12045%2C26057%2C22954%2C15917%2C26088%2C22794%2C11859%2C26089%2C15378%2C26086%2C22545%2C26056%2C26087%2C24458%2C15893%2C11039%2C23615%2C11183%2C15377%2C26092%2C26091%2C26111%2C26110%2C26090%2C11037%2C26113%2C20307%2C11184&location_ids=1726&operator=maou-studio&premise_ids=4708%2C4707%2C2570&trainer_ids=8426%2C8638%2C6268%2C8572%2C6034%2C8462%2C9188%2C6250%2C8905%2C4753%2C9649%2C9661%2C4636%2C9662%2C7688\" width=\"100%\" height=\"1000\"><\/iframe>\t\t<\/div>\n\t\t\t\t<\/div>\n\t\t\t\t\t<\/div>\n\t\t<\/div>\n\t\t\t\t\t\t\t<\/div>\n\t\t<\/section>\n\t\t\t\t\t\t\t<\/div>\n\t\t","protected":false},"excerpt":{"rendered":"<p>Timetable \/ Booking Choose a location Hegyvid\u00e9k \u00dajbuda Tab\u00e1n Maou Tab\u00e1n Attila \u00fat 1-3.Budapest, 1013 taban@maoustudio.hu +36 30 072 0202 Frequently Asked Questions Booking rules Booking via Motibro system after sign-up. By reserving a spot you accept all the rules of Maou Studio regarding the booking.If you cannot attend a pre-registered class, please cancel your [&hellip;]<\/p>\n","protected":false},"author":3,"featured_media":0,"parent":0,"menu_order":0,"comment_status":"closed","ping_status":"closed","template":"","meta":{"footnotes":""},"class_list":["post-3515","page","type-page","status-publish","hentry"],"acf":[],"yoast_head":"<!-- This site is optimized with the Yoast SEO plugin v20.7 - https:\/\/yoast.com\/wordpress\/plugins\/seo\/ -->\n<title>Tab\u00e1n - Timetable \/ Booking - Maou Boutique Reformer Pilates Studio<\/title>\n<meta name=\"robots\" content=\"index, follow, max-snippet:-1, max-image-preview:large, max-video-preview:-1\" \/>\n<link rel=\"canonical\" href=\"https:\/\/maoustudio.hu\/en\/elementor-3515\/\" \/>\n<meta property=\"og:locale\" content=\"en_US\" \/>\n<meta property=\"og:type\" content=\"article\" \/>\n<meta property=\"og:title\" content=\"Tab\u00e1n - Timetable \/ Booking - Maou Boutique Reformer Pilates Studio\" \/>\n<meta property=\"og:description\" content=\"Timetable \/ Booking Choose a location Hegyvid\u00e9k \u00dajbuda Tab\u00e1n Maou Tab\u00e1n Attila \u00fat 1-3.Budapest, 1013 taban@maoustudio.hu +36 30 072 0202 Frequently Asked Questions Booking rules Booking via Motibro system after sign-up. By reserving a spot you accept all the rules of Maou Studio regarding the booking.If you cannot attend a pre-registered class, please cancel your [&hellip;]\" \/>\n<meta property=\"og:url\" content=\"https:\/\/maoustudio.hu\/en\/elementor-3515\/\" \/>\n<meta property=\"og:site_name\" content=\"Maou Boutique Reformer Pilates Studio\" \/>\n<meta property=\"article:publisher\" content=\"https:\/\/www.facebook.com\/maoustudio\" \/>\n<meta property=\"article:modified_time\" content=\"2025-12-18T06:03:06+00:00\" \/>\n<meta property=\"og:image\" content=\"https:\/\/maoustudio.hu\/wp-content\/uploads\/elementor\/thumbs\/Screenshot-2024-09-25-at-22.48.28-qun865n5iuwyf2t0zi5w7s0pc24dygupugjy6knv40.png\" \/>\n<meta name=\"twitter:card\" content=\"summary_large_image\" \/>\n<meta name=\"twitter:label1\" content=\"Est. reading time\" \/>\n\t<meta name=\"twitter:data1\" content=\"1 minute\" \/>\n<script type=\"application\/ld+json\" class=\"yoast-schema-graph\">{\"@context\":\"https:\/\/schema.org\",\"@graph\":[{\"@type\":\"WebPage\",\"@id\":\"https:\/\/maoustudio.hu\/en\/elementor-3515\/\",\"url\":\"https:\/\/maoustudio.hu\/en\/elementor-3515\/\",\"name\":\"Tab\u00e1n - Timetable \/ Booking - Maou Boutique Reformer Pilates Studio\",\"isPartOf\":{\"@id\":\"https:\/\/maoustudio.hu\/en\/#website\"},\"datePublished\":\"2025-12-18T05:07:47+00:00\",\"dateModified\":\"2025-12-18T06:03:06+00:00\",\"breadcrumb\":{\"@id\":\"https:\/\/maoustudio.hu\/en\/elementor-3515\/#breadcrumb\"},\"inLanguage\":\"en-US\",\"potentialAction\":[{\"@type\":\"ReadAction\",\"target\":[\"https:\/\/maoustudio.hu\/en\/elementor-3515\/\"]}]},{\"@type\":\"BreadcrumbList\",\"@id\":\"https:\/\/maoustudio.hu\/en\/elementor-3515\/#breadcrumb\",\"itemListElement\":[{\"@type\":\"ListItem\",\"position\":1,\"name\":\"Kezd\u0151lap\",\"item\":\"https:\/\/maoustudio.hu\/en\/\"},{\"@type\":\"ListItem\",\"position\":2,\"name\":\"Tab\u00e1n &#8211; Timetable \/ Booking\"}]},{\"@type\":\"WebSite\",\"@id\":\"https:\/\/maoustudio.hu\/en\/#website\",\"url\":\"https:\/\/maoustudio.hu\/en\/\",\"name\":\"Maou Boutique Reformer Pilates Studio\",\"description\":\"Boutique Reformer Pilates Studio\",\"publisher\":{\"@id\":\"https:\/\/maoustudio.hu\/en\/#organization\"},\"potentialAction\":[{\"@type\":\"SearchAction\",\"target\":{\"@type\":\"EntryPoint\",\"urlTemplate\":\"https:\/\/maoustudio.hu\/en\/?s={search_term_string}\"},\"query-input\":\"required name=search_term_string\"}],\"inLanguage\":\"en-US\"},{\"@type\":\"Organization\",\"@id\":\"https:\/\/maoustudio.hu\/en\/#organization\",\"name\":\"Maou Boutique Reformer Pilates Studio\",\"url\":\"https:\/\/maoustudio.hu\/en\/\",\"logo\":{\"@type\":\"ImageObject\",\"inLanguage\":\"en-US\",\"@id\":\"https:\/\/maoustudio.hu\/en\/#\/schema\/logo\/image\/\",\"url\":\"https:\/\/i0.wp.com\/maoustudio.hu\/wp-content\/uploads\/2023\/05\/maou-ico.png?fit=512%2C512&ssl=1\",\"contentUrl\":\"https:\/\/i0.wp.com\/maoustudio.hu\/wp-content\/uploads\/2023\/05\/maou-ico.png?fit=512%2C512&ssl=1\",\"width\":512,\"height\":512,\"caption\":\"Maou Boutique Reformer Pilates Studio\"},\"image\":{\"@id\":\"https:\/\/maoustudio.hu\/en\/#\/schema\/logo\/image\/\"},\"sameAs\":[\"https:\/\/www.facebook.com\/maoustudio\",\"https:\/\/www.instagram.com\/maoupilates\/\",\"https:\/\/www.youtube.com\/@MaouPilatesStudio\"]}]}<\/script>\n<!-- \/ Yoast SEO plugin. -->","yoast_head_json":{"title":"Tab\u00e1n - Timetable \/ Booking - Maou Boutique Reformer Pilates Studio","robots":{"index":"index","follow":"follow","max-snippet":"max-snippet:-1","max-image-preview":"max-image-preview:large","max-video-preview":"max-video-preview:-1"},"canonical":"https:\/\/maoustudio.hu\/en\/elementor-3515\/","og_locale":"en_US","og_type":"article","og_title":"Tab\u00e1n - Timetable \/ Booking - Maou Boutique Reformer Pilates Studio","og_description":"Timetable \/ Booking Choose a location Hegyvid\u00e9k \u00dajbuda Tab\u00e1n Maou Tab\u00e1n Attila \u00fat 1-3.Budapest, 1013 taban@maoustudio.hu +36 30 072 0202 Frequently Asked Questions Booking rules Booking via Motibro system after sign-up. By reserving a spot you accept all the rules of Maou Studio regarding the booking.If you cannot attend a pre-registered class, please cancel your [&hellip;]","og_url":"https:\/\/maoustudio.hu\/en\/elementor-3515\/","og_site_name":"Maou Boutique Reformer Pilates Studio","article_publisher":"https:\/\/www.facebook.com\/maoustudio","article_modified_time":"2025-12-18T06:03:06+00:00","og_image":[{"url":"https:\/\/maoustudio.hu\/wp-content\/uploads\/elementor\/thumbs\/Screenshot-2024-09-25-at-22.48.28-qun865n5iuwyf2t0zi5w7s0pc24dygupugjy6knv40.png"}],"twitter_card":"summary_large_image","twitter_misc":{"Est. reading time":"1 minute"},"schema":{"@context":"https:\/\/schema.org","@graph":[{"@type":"WebPage","@id":"https:\/\/maoustudio.hu\/en\/elementor-3515\/","url":"https:\/\/maoustudio.hu\/en\/elementor-3515\/","name":"Tab\u00e1n - Timetable \/ Booking - Maou Boutique Reformer Pilates Studio","isPartOf":{"@id":"https:\/\/maoustudio.hu\/en\/#website"},"datePublished":"2025-12-18T05:07:47+00:00","dateModified":"2025-12-18T06:03:06+00:00","breadcrumb":{"@id":"https:\/\/maoustudio.hu\/en\/elementor-3515\/#breadcrumb"},"inLanguage":"en-US","potentialAction":[{"@type":"ReadAction","target":["https:\/\/maoustudio.hu\/en\/elementor-3515\/"]}]},{"@type":"BreadcrumbList","@id":"https:\/\/maoustudio.hu\/en\/elementor-3515\/#breadcrumb","itemListElement":[{"@type":"ListItem","position":1,"name":"Kezd\u0151lap","item":"https:\/\/maoustudio.hu\/en\/"},{"@type":"ListItem","position":2,"name":"Tab\u00e1n &#8211; Timetable \/ Booking"}]},{"@type":"WebSite","@id":"https:\/\/maoustudio.hu\/en\/#website","url":"https:\/\/maoustudio.hu\/en\/","name":"Maou Boutique Reformer Pilates Studio","description":"Boutique Reformer Pilates Studio","publisher":{"@id":"https:\/\/maoustudio.hu\/en\/#organization"},"potentialAction":[{"@type":"SearchAction","target":{"@type":"EntryPoint","urlTemplate":"https:\/\/maoustudio.hu\/en\/?s={search_term_string}"},"query-input":"required name=search_term_string"}],"inLanguage":"en-US"},{"@type":"Organization","@id":"https:\/\/maoustudio.hu\/en\/#organization","name":"Maou Boutique Reformer Pilates Studio","url":"https:\/\/maoustudio.hu\/en\/","logo":{"@type":"ImageObject","inLanguage":"en-US","@id":"https:\/\/maoustudio.hu\/en\/#\/schema\/logo\/image\/","url":"https:\/\/i0.wp.com\/maoustudio.hu\/wp-content\/uploads\/2023\/05\/maou-ico.png?fit=512%2C512&ssl=1","contentUrl":"https:\/\/i0.wp.com\/maoustudio.hu\/wp-content\/uploads\/2023\/05\/maou-ico.png?fit=512%2C512&ssl=1","width":512,"height":512,"caption":"Maou Boutique Reformer Pilates Studio"},"image":{"@id":"https:\/\/maoustudio.hu\/en\/#\/schema\/logo\/image\/"},"sameAs":["https:\/\/www.facebook.com\/maoustudio","https:\/\/www.instagram.com\/maoupilates\/","https:\/\/www.youtube.com\/@MaouPilatesStudio"]}]}},"_links":{"self":[{"href":"https:\/\/maoustudio.hu\/en\/wp-json\/wp\/v2\/pages\/3515","targetHints":{"allow":["GET"]}}],"collection":[{"href":"https:\/\/maoustudio.hu\/en\/wp-json\/wp\/v2\/pages"}],"about":[{"href":"https:\/\/maoustudio.hu\/en\/wp-json\/wp\/v2\/types\/page"}],"author":[{"embeddable":true,"href":"https:\/\/maoustudio.hu\/en\/wp-json\/wp\/v2\/users\/3"}],"replies":[{"embeddable":true,"href":"https:\/\/maoustudio.hu\/en\/wp-json\/wp\/v2\/comments?post=3515"}],"version-history":[{"count":15,"href":"https:\/\/maoustudio.hu\/en\/wp-json\/wp\/v2\/pages\/3515\/revisions"}],"predecessor-version":[{"id":3556,"href":"https:\/\/maoustudio.hu\/en\/wp-json\/wp\/v2\/pages\/3515\/revisions\/3556"}],"wp:attachment":[{"href":"https:\/\/maoustudio.hu\/en\/wp-json\/wp\/v2\/media?parent=3515"}],"curies":[{"name":"wp","href":"https:\/\/api.w.org\/{rel}","templated":true}]}}