{"id":3151,"date":"2024-08-23T00:38:20","date_gmt":"2024-08-22T22:38:20","guid":{"rendered":"https:\/\/maoustudio.hu\/timetable-booking\/maou-ujbuda-timetable-booking\/"},"modified":"2025-12-18T07:02:35","modified_gmt":"2025-12-18T06:02:35","slug":"ujbuda","status":"publish","type":"page","link":"https:\/\/maoustudio.hu\/en\/timetable-booking\/ujbuda\/","title":{"rendered":"Maou \u00dajbuda &#8211; Timetable \/ Booking"},"content":{"rendered":"\t\t<div data-elementor-type=\"wp-page\" data-elementor-id=\"3151\" class=\"elementor elementor-3151 elementor-3091\">\n\t\t\t\t\t\t\t\t\t<section class=\"elementor-section elementor-top-section elementor-element elementor-element-32b4d7e elementor-section-full_width elementor-section-height-min-height elementor-section-height-default elementor-section-items-middle\" data-id=\"32b4d7e\" data-element_type=\"section\" data-settings=\"{&quot;jet_parallax_layout_list&quot;:[],&quot;background_background&quot;:&quot;classic&quot;}\">\n\t\t\t\t\t\t<div class=\"elementor-container elementor-column-gap-default\">\n\t\t\t\t\t<div class=\"elementor-column elementor-col-100 elementor-top-column elementor-element elementor-element-2ebbd67\" data-id=\"2ebbd67\" data-element_type=\"column\">\n\t\t\t<div class=\"elementor-widget-wrap\">\n\t\t\t\t\t\t\t\t\t<\/div>\n\t\t<\/div>\n\t\t\t\t\t\t\t<\/div>\n\t\t<\/section>\n\t\t\t\t<section class=\"elementor-section elementor-top-section elementor-element elementor-element-ff1852d elementor-section-boxed elementor-section-height-default elementor-section-height-default\" data-id=\"ff1852d\" data-element_type=\"section\" data-settings=\"{&quot;jet_parallax_layout_list&quot;:[]}\">\n\t\t\t\t\t\t<div class=\"elementor-container elementor-column-gap-wide\">\n\t\t\t\t\t<div class=\"elementor-column elementor-col-100 elementor-top-column elementor-element elementor-element-57018d7\" data-id=\"57018d7\" data-element_type=\"column\">\n\t\t\t<div class=\"elementor-widget-wrap elementor-element-populated\">\n\t\t\t\t\t\t\t\t<div class=\"elementor-element elementor-element-19d4e82 elementor-align-center elementor-widget elementor-widget-raven-heading\" data-id=\"19d4e82\" data-element_type=\"widget\" data-widget_type=\"raven-heading.default\">\n\t\t\t\t<div class=\"elementor-widget-container\">\n\t\t\t\t\t<div class=\"raven-widget-wrapper\"><h1 class=\"raven-heading raven-heading-h1\"><span class=\"raven-heading-title \">Timetable \/ Booking<\/span><\/h1><\/div>\n\t\t\t\t<\/div>\n\t\t\t\t<\/div>\n\t\t\t\t<div class=\"elementor-element elementor-element-ba7d4ac elementor-widget elementor-widget-image\" data-id=\"ba7d4ac\" data-element_type=\"widget\" data-widget_type=\"image.default\">\n\t\t\t\t<div class=\"elementor-widget-container\">\n\t\t\t<style>\/*! elementor - v3.13.2 - 11-05-2023 *\/\n.elementor-widget-image{text-align:center}.elementor-widget-image a{display:inline-block}.elementor-widget-image a img[src$=\".svg\"]{width:48px}.elementor-widget-image img{vertical-align:middle;display:inline-block}<\/style>\t\t\t\t\t\t\t\t\t\t\t\t<img decoding=\"async\" src=\"https:\/\/maoustudio.hu\/wp-content\/uploads\/elementor\/thumbs\/Screenshot-2024-09-25-at-22.48.28-qun865n5iuwyf2t0zi5w7s0pc24dygupugjy6knv40.png\" title=\"Screenshot 2024-09-25 at 22.48.28\" alt=\"Screenshot 2024-09-25 at 22.48.28\" loading=\"lazy\" \/>\t\t\t\t\t\t\t\t\t\t\t\t\t\t\t<\/div>\n\t\t\t\t<\/div>\n\t\t\t\t<div class=\"elementor-element elementor-element-e0aa3f0 elementor-widget elementor-widget-text-editor\" data-id=\"e0aa3f0\" data-element_type=\"widget\" data-widget_type=\"text-editor.default\">\n\t\t\t\t<div class=\"elementor-widget-container\">\n\t\t\t<style>\/*! elementor - v3.13.2 - 11-05-2023 *\/\n.elementor-widget-text-editor.elementor-drop-cap-view-stacked .elementor-drop-cap{background-color:#69727d;color:#fff}.elementor-widget-text-editor.elementor-drop-cap-view-framed .elementor-drop-cap{color:#69727d;border:3px solid;background-color:transparent}.elementor-widget-text-editor:not(.elementor-drop-cap-view-default) .elementor-drop-cap{margin-top:8px}.elementor-widget-text-editor:not(.elementor-drop-cap-view-default) .elementor-drop-cap-letter{width:1em;height:1em}.elementor-widget-text-editor .elementor-drop-cap{float:left;text-align:center;line-height:1;font-size:50px}.elementor-widget-text-editor .elementor-drop-cap-letter{display:inline-block}<\/style>\t\t\t\t<p>V\u00e1lassz helysz\u00ednt<\/p>\n\t\t\t\t\t\t<\/div>\n\t\t\t\t<\/div>\n\t\t\t\t<div class=\"elementor-element elementor-element-596082f raven-nav-alignment-center main-layout-horizontal pointer-none submenu-anim-fade raven-dropdown-stretch raven-nav-menu-align-center submenu-position-bottom elementor-widget elementor-widget-raven-advanced-nav-menu\" data-id=\"596082f\" data-element_type=\"widget\" data-settings=\"{&quot;submenu_indicator&quot;:{&quot;value&quot;:&quot;fas fa-angle-down&quot;,&quot;library&quot;:&quot;fa-solid&quot;},&quot;full_width&quot;:&quot;stretch&quot;,&quot;mobile_layout&quot;:&quot;dropdown&quot;,&quot;submenu_opening_position&quot;:&quot;bottom&quot;}\" data-widget_type=\"raven-advanced-nav-menu.default\">\n\t\t\t\t<div class=\"elementor-widget-container\">\n\t\t\t\t\t<!-- Main Menu -->\n\t\t<nav data-layout=\"horizontal\" class=\"raven-adnav-menu-main raven-adnav-menu-horizontal  \">\n\t\t\t\t\t<ul id=\"menu-596082f\" class=\"raven-adnav-menu\">\n\t\t\t\t\t\t\t\t<li class=\"menu-item\" data-width_type=\"default\" data-submenu_pos=\"center\">\n\t\t\t\t\t\t\t\t<a href=\"https:\/\/maoustudio.hu\/orarend-foglalas\/hegyvidek\" class=\"raven-link-item raven-menu-item\">\n\t\t\t\t\t\t<span class=\"link-text\">\n\t\t\t\t<span class=\"link-label\">\n\t\t\t\t\tHegyvid\u00e9k\t\t\t\t<\/span>\n\t\t\t\t\t\t\t<\/span>\n\t\t<\/a>\n\t\t\t\t\t\t\t<\/li>\n\t\t\t\t\t\t\t\t\t\t<li class=\"menu-item\" data-width_type=\"default\" data-submenu_pos=\"center\">\n\t\t\t\t\t\t\t\t<a href=\"https:\/\/maoustudio.hu\/orarend-foglalas\/ujbuda\" class=\"raven-link-item raven-menu-item\">\n\t\t\t\t\t\t<span class=\"link-text\">\n\t\t\t\t<span class=\"link-label\">\n\t\t\t\t\t\u00dajbuda\t\t\t\t<\/span>\n\t\t\t\t\t\t\t<\/span>\n\t\t<\/a>\n\t\t\t\t\t\t\t<\/li>\n\t\t\t\t\t\t\t\t\t\t<li class=\"menu-item\" data-width_type=\"default\" data-submenu_pos=\"center\">\n\t\t\t\t\t\t\t\t<a href=\"https:\/\/maoustudio.hu\/en\/elementor-3515\" class=\"raven-link-item raven-menu-item\">\n\t\t\t\t\t\t<span class=\"link-text\">\n\t\t\t\t<span class=\"link-label\">\n\t\t\t\t\tTab\u00e1n\t\t\t\t<\/span>\n\t\t\t\t\t\t\t<\/span>\n\t\t<\/a>\n\t\t\t\t\t\t\t<\/li>\n\t\t\t\t\t\t\t<\/ul>\n\t\t\t\t<\/nav>\n\t\t\t\t<\/div>\n\t\t\t\t<\/div>\n\t\t\t\t\t<\/div>\n\t\t<\/div>\n\t\t\t\t\t\t\t<\/div>\n\t\t<\/section>\n\t\t\t\t<section class=\"elementor-section elementor-top-section elementor-element elementor-element-6f4c3225 elementor-section-boxed elementor-section-height-default elementor-section-height-default\" data-id=\"6f4c3225\" data-element_type=\"section\" data-settings=\"{&quot;jet_parallax_layout_list&quot;:[]}\">\n\t\t\t\t\t\t<div class=\"elementor-container elementor-column-gap-wider\">\n\t\t\t\t\t<div class=\"elementor-column elementor-col-33 elementor-top-column elementor-element elementor-element-3837421 map-column\" data-id=\"3837421\" data-element_type=\"column\">\n\t\t\t<div class=\"elementor-widget-wrap elementor-element-populated\">\n\t\t\t\t\t\t\t\t<div class=\"elementor-element elementor-element-c3db20d elementor-widget elementor-widget-image\" data-id=\"c3db20d\" data-element_type=\"widget\" data-widget_type=\"image.default\">\n\t\t\t\t<div class=\"elementor-widget-container\">\n\t\t\t\t\t\t\t\t\t\t\t\t\t\t\t<img loading=\"lazy\" decoding=\"async\" width=\"1024\" height=\"1022\" src=\"https:\/\/maoustudio.hu\/wp-content\/uploads\/2024\/09\/Screenshot-2024-09-25-at-22.52.56-1024x1022.png\" class=\"attachment-large size-large wp-image-3191\" alt=\"\" srcset=\"https:\/\/maoustudio.hu\/wp-content\/uploads\/2024\/09\/Screenshot-2024-09-25-at-22.52.56-1024x1022.png 1024w, https:\/\/maoustudio.hu\/wp-content\/uploads\/2024\/09\/Screenshot-2024-09-25-at-22.52.56-300x300.png 300w, https:\/\/maoustudio.hu\/wp-content\/uploads\/2024\/09\/Screenshot-2024-09-25-at-22.52.56-150x150.png 150w, https:\/\/maoustudio.hu\/wp-content\/uploads\/2024\/09\/Screenshot-2024-09-25-at-22.52.56-768x767.png 768w, https:\/\/maoustudio.hu\/wp-content\/uploads\/2024\/09\/Screenshot-2024-09-25-at-22.52.56-500x500.png 500w, https:\/\/maoustudio.hu\/wp-content\/uploads\/2024\/09\/Screenshot-2024-09-25-at-22.52.56-600x599.png 600w, https:\/\/maoustudio.hu\/wp-content\/uploads\/2024\/09\/Screenshot-2024-09-25-at-22.52.56-100x100.png 100w, https:\/\/maoustudio.hu\/wp-content\/uploads\/2024\/09\/Screenshot-2024-09-25-at-22.52.56.png 1232w\" sizes=\"auto, (max-width: 1024px) 100vw, 1024px\" \/>\t\t\t\t\t\t\t\t\t\t\t\t\t\t\t<\/div>\n\t\t\t\t<\/div>\n\t\t\t\t\t<\/div>\n\t\t<\/div>\n\t\t\t\t<div class=\"elementor-column elementor-col-33 elementor-top-column elementor-element elementor-element-5b4883d1 map-column\" data-id=\"5b4883d1\" data-element_type=\"column\">\n\t\t\t<div class=\"elementor-widget-wrap elementor-element-populated\">\n\t\t\t\t\t\t\t\t<div class=\"elementor-element elementor-element-254b5249 elementor-widget elementor-widget-google_maps\" data-id=\"254b5249\" data-element_type=\"widget\" data-widget_type=\"google_maps.default\">\n\t\t\t\t<div class=\"elementor-widget-container\">\n\t\t\t<style>\/*! elementor - v3.13.2 - 11-05-2023 *\/\n.elementor-widget-google_maps .elementor-widget-container{overflow:hidden}.elementor-widget-google_maps .elementor-custom-embed{line-height:0}.elementor-widget-google_maps iframe{height:300px}<\/style>\t\t<div class=\"elementor-custom-embed\">\n\t\t\t<iframe loading=\"lazy\"\n\t\t\t\t\tsrc=\"https:\/\/maps.google.com\/maps?q=Maou%20Reformer%20Pilates%20Studio%20%C3%9Ajbuda%2C%20Al%C3%ADz%20utca%206B%20Budapest%2C%201117&#038;t=m&#038;z=14&#038;output=embed&#038;iwloc=near\"\n\t\t\t\t\ttitle=\"Maou Reformer Pilates Studio \u00dajbuda, Al\u00edz utca 6B Budapest, 1117\"\n\t\t\t\t\taria-label=\"Maou Reformer Pilates Studio \u00dajbuda, Al\u00edz utca 6B Budapest, 1117\"\n\t\t\t><\/iframe>\n\t\t<\/div>\n\t\t\t\t<\/div>\n\t\t\t\t<\/div>\n\t\t\t\t\t<\/div>\n\t\t<\/div>\n\t\t\t\t<div class=\"elementor-column elementor-col-33 elementor-top-column elementor-element elementor-element-6272b4d1 text-column\" data-id=\"6272b4d1\" data-element_type=\"column\">\n\t\t\t<div class=\"elementor-widget-wrap elementor-element-populated\">\n\t\t\t\t\t\t\t\t<div class=\"elementor-element elementor-element-14e91331 elementor-widget elementor-widget-heading\" data-id=\"14e91331\" data-element_type=\"widget\" data-widget_type=\"heading.default\">\n\t\t\t\t<div class=\"elementor-widget-container\">\n\t\t\t<style>\/*! elementor - v3.13.2 - 11-05-2023 *\/\n.elementor-heading-title{padding:0;margin:0;line-height:1}.elementor-widget-heading .elementor-heading-title[class*=elementor-size-]>a{color:inherit;font-size:inherit;line-height:inherit}.elementor-widget-heading .elementor-heading-title.elementor-size-small{font-size:15px}.elementor-widget-heading .elementor-heading-title.elementor-size-medium{font-size:19px}.elementor-widget-heading .elementor-heading-title.elementor-size-large{font-size:29px}.elementor-widget-heading .elementor-heading-title.elementor-size-xl{font-size:39px}.elementor-widget-heading .elementor-heading-title.elementor-size-xxl{font-size:59px}<\/style><h3 class=\"elementor-heading-title elementor-size-default\">Maou \u00dajbuda<\/h3>\t\t<\/div>\n\t\t\t\t<\/div>\n\t\t\t\t<div class=\"elementor-element elementor-element-1d4230c9 elementor-widget elementor-widget-text-editor\" data-id=\"1d4230c9\" data-element_type=\"widget\" data-widget_type=\"text-editor.default\">\n\t\t\t\t<div class=\"elementor-widget-container\">\n\t\t\t\t\t\t\t<p>Al\u00edz utca 6B<br \/>Budapest, 1117<\/p>\n<p><a href=\"mailto:ujbuda@maoustudio.hu\">ujbuda@maoustudio.hu<\/a><\/p>\n<p><a href=\"tel:+36305655488\">+36 30 565 5488<\/a><\/p>\n\t\t\t\t\t\t<\/div>\n\t\t\t\t<\/div>\n\t\t\t\t<div class=\"elementor-element elementor-element-b69db81 elementor-align-left elementor-widget elementor-widget-raven-button\" data-id=\"b69db81\" data-element_type=\"widget\" data-widget_type=\"raven-button.default\">\n\t\t\t\t<div class=\"elementor-widget-container\">\n\t\t\t\t\t<div class=\"raven-widget-wrapper\">\n\t\t\t<a class=\"raven-button raven-button-widget-normal-effect-none raven-button-text-align- raven-button-link elementor-animation-none\" href=\"https:\/\/maoustudio.hu\/en\/faqs\/\">\n\t\t\t\t<span class=\"raven-button-content\">\n\t\t\t\t\t\n\t\t\t\t\t<div class=\"button-text-container\">\n\t\t\t\t\t\t\t\t\t\t\t\t<div class=\"raven-button-texts-wrapper\">\n\t\t\t\t\t\t\t<div class=\"button-text\">\n\t\t\t\t\t\t\t\t<span class=\"raven-button-text\">\n\t\t\t\t\t\t\t\t\tFrequently Asked Questions\t\t\t\t\t\t\t\t<\/span>\n\t\t\t\t\t\t\t<\/div>\n\t\t\t\t\t\t\t\t\t\t\t\t\t<\/div>\n\t\t\t\t\t\t\t\t\t\t\t<\/div>\n\t\t\t\t\t\n\t\t\t\t\t\t\t\t\t<\/span>\n\t\t\t<\/a>\n\t\t<\/div>\n\t\t\t\t<\/div>\n\t\t\t\t<\/div>\n\t\t\t\t\t<\/div>\n\t\t<\/div>\n\t\t\t\t\t\t\t<\/div>\n\t\t<\/section>\n\t\t\t\t<section class=\"elementor-section elementor-top-section elementor-element elementor-element-7e4f9ff elementor-section-boxed elementor-section-height-default elementor-section-height-default\" data-id=\"7e4f9ff\" data-element_type=\"section\" data-settings=\"{&quot;jet_parallax_layout_list&quot;:[]}\">\n\t\t\t\t\t\t<div class=\"elementor-container elementor-column-gap-wider\">\n\t\t\t\t\t<div class=\"elementor-column elementor-col-100 elementor-top-column elementor-element elementor-element-ed8a8e9\" data-id=\"ed8a8e9\" data-element_type=\"column\">\n\t\t\t<div class=\"elementor-widget-wrap elementor-element-populated\">\n\t\t\t\t\t\t\t\t<div class=\"elementor-element elementor-element-e12956e elementor-widget elementor-widget-heading\" data-id=\"e12956e\" data-element_type=\"widget\" data-widget_type=\"heading.default\">\n\t\t\t\t<div class=\"elementor-widget-container\">\n\t\t\t<p class=\"elementor-heading-title elementor-size-default\">Booking rules<\/p>\t\t<\/div>\n\t\t\t\t<\/div>\n\t\t\t\t<div class=\"elementor-element elementor-element-976d673 elementor-widget elementor-widget-text-editor\" data-id=\"976d673\" data-element_type=\"widget\" data-widget_type=\"text-editor.default\">\n\t\t\t\t<div class=\"elementor-widget-container\">\n\t\t\t\t\t\t\t<p>Booking via Motibro system after sign-up. By reserving a spot you accept all the rules of Maou Studio regarding the booking.<br \/>If you cannot attend a pre-registered class, please cancel your reservation at least 24 hours prior the start of the class.<br \/>In case of late cancellations or no-shows, Maou Studio reserves the right to charge the full fee.<br \/>The classes are 50 minutes long, please arrive on time, not to disturb the beginning class.<br \/>Participation in the classes and use of the equipment is at everyone\u2019s own risk. <\/p>\n\t\t\t\t\t\t<\/div>\n\t\t\t\t<\/div>\n\t\t\t\t\t<\/div>\n\t\t<\/div>\n\t\t\t\t\t\t\t<\/div>\n\t\t<\/section>\n\t\t\t\t<section class=\"elementor-section elementor-top-section elementor-element elementor-element-5d9198 elementor-section-boxed elementor-section-height-default elementor-section-height-default\" data-id=\"5d9198\" data-element_type=\"section\" data-settings=\"{&quot;jet_parallax_layout_list&quot;:[]}\">\n\t\t\t\t\t\t<div class=\"elementor-container elementor-column-gap-default\">\n\t\t\t\t\t<div class=\"elementor-column elementor-col-100 elementor-top-column elementor-element elementor-element-4bf51983\" data-id=\"4bf51983\" data-element_type=\"column\">\n\t\t\t<div class=\"elementor-widget-wrap elementor-element-populated\">\n\t\t\t\t\t\t\t\t<div class=\"elementor-element elementor-element-6f40c44b elementor-widget elementor-widget-html\" data-id=\"6f40c44b\" data-element_type=\"widget\" data-widget_type=\"html.default\">\n\t\t\t\t<div class=\"elementor-widget-container\">\n\t\t\t<iframe loading=\"lazy\" src=\"https:\/\/www.motibro.com\/visitors\/reservation_widget?operator=maou-ujbuda\" width=\"100%\" height=\"1000\"><\/iframe>\t\t<\/div>\n\t\t\t\t<\/div>\n\t\t\t\t\t<\/div>\n\t\t<\/div>\n\t\t\t\t\t\t\t<\/div>\n\t\t<\/section>\n\t\t\t\t\t\t\t<\/div>\n\t\t","protected":false},"excerpt":{"rendered":"<p>Timetable \/ Booking V\u00e1lassz helysz\u00ednt Hegyvid\u00e9k \u00dajbuda Tab\u00e1n Maou \u00dajbuda Al\u00edz utca 6BBudapest, 1117 ujbuda@maoustudio.hu +36 30 565 5488 Frequently Asked Questions Booking rules Booking via Motibro system after sign-up. By reserving a spot you accept all the rules of Maou Studio regarding the booking.If you cannot attend a pre-registered class, please cancel your reservation [&hellip;]<\/p>\n","protected":false},"author":1,"featured_media":0,"parent":2541,"menu_order":0,"comment_status":"closed","ping_status":"closed","template":"","meta":{"footnotes":""},"class_list":["post-3151","page","type-page","status-publish","hentry"],"acf":[],"yoast_head":"<!-- This site is optimized with the Yoast SEO plugin v20.7 - https:\/\/yoast.com\/wordpress\/plugins\/seo\/ -->\n<title>Maou \u00dajbuda - Timetable \/ Booking - Maou Boutique Reformer Pilates Studio<\/title>\n<meta name=\"robots\" content=\"index, follow, max-snippet:-1, max-image-preview:large, max-video-preview:-1\" \/>\n<link rel=\"canonical\" href=\"https:\/\/maoustudio.hu\/en\/timetable-booking\/ujbuda\/\" \/>\n<meta property=\"og:locale\" content=\"en_US\" \/>\n<meta property=\"og:type\" content=\"article\" \/>\n<meta property=\"og:title\" content=\"Maou \u00dajbuda - Timetable \/ Booking - Maou Boutique Reformer Pilates Studio\" \/>\n<meta property=\"og:description\" content=\"Timetable \/ Booking V\u00e1lassz helysz\u00ednt Hegyvid\u00e9k \u00dajbuda Tab\u00e1n Maou \u00dajbuda Al\u00edz utca 6BBudapest, 1117 ujbuda@maoustudio.hu +36 30 565 5488 Frequently Asked Questions Booking rules Booking via Motibro system after sign-up. By reserving a spot you accept all the rules of Maou Studio regarding the booking.If you cannot attend a pre-registered class, please cancel your reservation [&hellip;]\" \/>\n<meta property=\"og:url\" content=\"https:\/\/maoustudio.hu\/en\/timetable-booking\/ujbuda\/\" \/>\n<meta property=\"og:site_name\" content=\"Maou Boutique Reformer Pilates Studio\" \/>\n<meta property=\"article:publisher\" content=\"https:\/\/www.facebook.com\/maoustudio\" \/>\n<meta property=\"article:modified_time\" content=\"2025-12-18T06:02:35+00:00\" \/>\n<meta property=\"og:image\" content=\"https:\/\/maoustudio.hu\/wp-content\/uploads\/elementor\/thumbs\/Screenshot-2024-09-25-at-22.48.28-qun865n5iuwyf2t0zi5w7s0pc24dygupugjy6knv40.png\" \/>\n<meta name=\"twitter:card\" content=\"summary_large_image\" \/>\n<meta name=\"twitter:label1\" content=\"Est. reading time\" \/>\n\t<meta name=\"twitter:data1\" content=\"1 minute\" \/>\n<script type=\"application\/ld+json\" class=\"yoast-schema-graph\">{\"@context\":\"https:\/\/schema.org\",\"@graph\":[{\"@type\":\"WebPage\",\"@id\":\"https:\/\/maoustudio.hu\/en\/timetable-booking\/ujbuda\/\",\"url\":\"https:\/\/maoustudio.hu\/en\/timetable-booking\/ujbuda\/\",\"name\":\"Maou \u00dajbuda - Timetable \/ Booking - Maou Boutique Reformer Pilates Studio\",\"isPartOf\":{\"@id\":\"https:\/\/maoustudio.hu\/en\/#website\"},\"datePublished\":\"2024-08-22T22:38:20+00:00\",\"dateModified\":\"2025-12-18T06:02:35+00:00\",\"breadcrumb\":{\"@id\":\"https:\/\/maoustudio.hu\/en\/timetable-booking\/ujbuda\/#breadcrumb\"},\"inLanguage\":\"en-US\",\"potentialAction\":[{\"@type\":\"ReadAction\",\"target\":[\"https:\/\/maoustudio.hu\/en\/timetable-booking\/ujbuda\/\"]}]},{\"@type\":\"BreadcrumbList\",\"@id\":\"https:\/\/maoustudio.hu\/en\/timetable-booking\/ujbuda\/#breadcrumb\",\"itemListElement\":[{\"@type\":\"ListItem\",\"position\":1,\"name\":\"Kezd\u0151lap\",\"item\":\"https:\/\/maoustudio.hu\/en\/\"},{\"@type\":\"ListItem\",\"position\":2,\"name\":\"Timetable \/ Booking\",\"item\":\"https:\/\/maoustudio.hu\/en\/timetable-booking\/\"},{\"@type\":\"ListItem\",\"position\":3,\"name\":\"Maou \u00dajbuda &#8211; Timetable \/ Booking\"}]},{\"@type\":\"WebSite\",\"@id\":\"https:\/\/maoustudio.hu\/en\/#website\",\"url\":\"https:\/\/maoustudio.hu\/en\/\",\"name\":\"Maou Boutique Reformer Pilates Studio\",\"description\":\"Boutique Reformer Pilates Studio\",\"publisher\":{\"@id\":\"https:\/\/maoustudio.hu\/en\/#organization\"},\"potentialAction\":[{\"@type\":\"SearchAction\",\"target\":{\"@type\":\"EntryPoint\",\"urlTemplate\":\"https:\/\/maoustudio.hu\/en\/?s={search_term_string}\"},\"query-input\":\"required name=search_term_string\"}],\"inLanguage\":\"en-US\"},{\"@type\":\"Organization\",\"@id\":\"https:\/\/maoustudio.hu\/en\/#organization\",\"name\":\"Maou Boutique Reformer Pilates Studio\",\"url\":\"https:\/\/maoustudio.hu\/en\/\",\"logo\":{\"@type\":\"ImageObject\",\"inLanguage\":\"en-US\",\"@id\":\"https:\/\/maoustudio.hu\/en\/#\/schema\/logo\/image\/\",\"url\":\"https:\/\/i0.wp.com\/maoustudio.hu\/wp-content\/uploads\/2023\/05\/maou-ico.png?fit=512%2C512&ssl=1\",\"contentUrl\":\"https:\/\/i0.wp.com\/maoustudio.hu\/wp-content\/uploads\/2023\/05\/maou-ico.png?fit=512%2C512&ssl=1\",\"width\":512,\"height\":512,\"caption\":\"Maou Boutique Reformer Pilates Studio\"},\"image\":{\"@id\":\"https:\/\/maoustudio.hu\/en\/#\/schema\/logo\/image\/\"},\"sameAs\":[\"https:\/\/www.facebook.com\/maoustudio\",\"https:\/\/www.instagram.com\/maoupilates\/\",\"https:\/\/www.youtube.com\/@MaouPilatesStudio\"]}]}<\/script>\n<!-- \/ Yoast SEO plugin. -->","yoast_head_json":{"title":"Maou \u00dajbuda - Timetable \/ Booking - Maou Boutique Reformer Pilates Studio","robots":{"index":"index","follow":"follow","max-snippet":"max-snippet:-1","max-image-preview":"max-image-preview:large","max-video-preview":"max-video-preview:-1"},"canonical":"https:\/\/maoustudio.hu\/en\/timetable-booking\/ujbuda\/","og_locale":"en_US","og_type":"article","og_title":"Maou \u00dajbuda - Timetable \/ Booking - Maou Boutique Reformer Pilates Studio","og_description":"Timetable \/ Booking V\u00e1lassz helysz\u00ednt Hegyvid\u00e9k \u00dajbuda Tab\u00e1n Maou \u00dajbuda Al\u00edz utca 6BBudapest, 1117 ujbuda@maoustudio.hu +36 30 565 5488 Frequently Asked Questions Booking rules Booking via Motibro system after sign-up. By reserving a spot you accept all the rules of Maou Studio regarding the booking.If you cannot attend a pre-registered class, please cancel your reservation [&hellip;]","og_url":"https:\/\/maoustudio.hu\/en\/timetable-booking\/ujbuda\/","og_site_name":"Maou Boutique Reformer Pilates Studio","article_publisher":"https:\/\/www.facebook.com\/maoustudio","article_modified_time":"2025-12-18T06:02:35+00:00","og_image":[{"url":"https:\/\/maoustudio.hu\/wp-content\/uploads\/elementor\/thumbs\/Screenshot-2024-09-25-at-22.48.28-qun865n5iuwyf2t0zi5w7s0pc24dygupugjy6knv40.png"}],"twitter_card":"summary_large_image","twitter_misc":{"Est. reading time":"1 minute"},"schema":{"@context":"https:\/\/schema.org","@graph":[{"@type":"WebPage","@id":"https:\/\/maoustudio.hu\/en\/timetable-booking\/ujbuda\/","url":"https:\/\/maoustudio.hu\/en\/timetable-booking\/ujbuda\/","name":"Maou \u00dajbuda - Timetable \/ Booking - Maou Boutique Reformer Pilates Studio","isPartOf":{"@id":"https:\/\/maoustudio.hu\/en\/#website"},"datePublished":"2024-08-22T22:38:20+00:00","dateModified":"2025-12-18T06:02:35+00:00","breadcrumb":{"@id":"https:\/\/maoustudio.hu\/en\/timetable-booking\/ujbuda\/#breadcrumb"},"inLanguage":"en-US","potentialAction":[{"@type":"ReadAction","target":["https:\/\/maoustudio.hu\/en\/timetable-booking\/ujbuda\/"]}]},{"@type":"BreadcrumbList","@id":"https:\/\/maoustudio.hu\/en\/timetable-booking\/ujbuda\/#breadcrumb","itemListElement":[{"@type":"ListItem","position":1,"name":"Kezd\u0151lap","item":"https:\/\/maoustudio.hu\/en\/"},{"@type":"ListItem","position":2,"name":"Timetable \/ Booking","item":"https:\/\/maoustudio.hu\/en\/timetable-booking\/"},{"@type":"ListItem","position":3,"name":"Maou \u00dajbuda &#8211; Timetable \/ Booking"}]},{"@type":"WebSite","@id":"https:\/\/maoustudio.hu\/en\/#website","url":"https:\/\/maoustudio.hu\/en\/","name":"Maou Boutique Reformer Pilates Studio","description":"Boutique Reformer Pilates Studio","publisher":{"@id":"https:\/\/maoustudio.hu\/en\/#organization"},"potentialAction":[{"@type":"SearchAction","target":{"@type":"EntryPoint","urlTemplate":"https:\/\/maoustudio.hu\/en\/?s={search_term_string}"},"query-input":"required name=search_term_string"}],"inLanguage":"en-US"},{"@type":"Organization","@id":"https:\/\/maoustudio.hu\/en\/#organization","name":"Maou Boutique Reformer Pilates Studio","url":"https:\/\/maoustudio.hu\/en\/","logo":{"@type":"ImageObject","inLanguage":"en-US","@id":"https:\/\/maoustudio.hu\/en\/#\/schema\/logo\/image\/","url":"https:\/\/i0.wp.com\/maoustudio.hu\/wp-content\/uploads\/2023\/05\/maou-ico.png?fit=512%2C512&ssl=1","contentUrl":"https:\/\/i0.wp.com\/maoustudio.hu\/wp-content\/uploads\/2023\/05\/maou-ico.png?fit=512%2C512&ssl=1","width":512,"height":512,"caption":"Maou Boutique Reformer Pilates Studio"},"image":{"@id":"https:\/\/maoustudio.hu\/en\/#\/schema\/logo\/image\/"},"sameAs":["https:\/\/www.facebook.com\/maoustudio","https:\/\/www.instagram.com\/maoupilates\/","https:\/\/www.youtube.com\/@MaouPilatesStudio"]}]}},"_links":{"self":[{"href":"https:\/\/maoustudio.hu\/en\/wp-json\/wp\/v2\/pages\/3151","targetHints":{"allow":["GET"]}}],"collection":[{"href":"https:\/\/maoustudio.hu\/en\/wp-json\/wp\/v2\/pages"}],"about":[{"href":"https:\/\/maoustudio.hu\/en\/wp-json\/wp\/v2\/types\/page"}],"author":[{"embeddable":true,"href":"https:\/\/maoustudio.hu\/en\/wp-json\/wp\/v2\/users\/1"}],"replies":[{"embeddable":true,"href":"https:\/\/maoustudio.hu\/en\/wp-json\/wp\/v2\/comments?post=3151"}],"version-history":[{"count":15,"href":"https:\/\/maoustudio.hu\/en\/wp-json\/wp\/v2\/pages\/3151\/revisions"}],"predecessor-version":[{"id":3553,"href":"https:\/\/maoustudio.hu\/en\/wp-json\/wp\/v2\/pages\/3151\/revisions\/3553"}],"up":[{"embeddable":true,"href":"https:\/\/maoustudio.hu\/en\/wp-json\/wp\/v2\/pages\/2541"}],"wp:attachment":[{"href":"https:\/\/maoustudio.hu\/en\/wp-json\/wp\/v2\/media?parent=3151"}],"curies":[{"name":"wp","href":"https:\/\/api.w.org\/{rel}","templated":true}]}}