{"id":3149,"date":"2024-08-23T01:05:53","date_gmt":"2024-08-22T23:05:53","guid":{"rendered":"https:\/\/maoustudio.hu\/timetable-booking\/maou-hegyvidek-timetable-booking\/"},"modified":"2025-12-30T08:23:50","modified_gmt":"2025-12-30T07:23:50","slug":"hegyvidek","status":"publish","type":"page","link":"https:\/\/maoustudio.hu\/en\/timetable-booking\/hegyvidek\/","title":{"rendered":"Maou Hegyvid\u00e9k &#8211; Timetable \/ Booking"},"content":{"rendered":"\t\t<div data-elementor-type=\"wp-page\" data-elementor-id=\"3149\" class=\"elementor elementor-3149 elementor-3107\">\n\t\t\t\t\t\t\t\t\t<section class=\"elementor-section elementor-top-section elementor-element elementor-element-9e4e301 elementor-section-full_width elementor-section-height-min-height elementor-section-height-default elementor-section-items-middle\" data-id=\"9e4e301\" data-element_type=\"section\" data-settings=\"{&quot;jet_parallax_layout_list&quot;:[],&quot;background_background&quot;:&quot;classic&quot;}\">\n\t\t\t\t\t\t<div class=\"elementor-container elementor-column-gap-default\">\n\t\t\t\t\t<div class=\"elementor-column elementor-col-100 elementor-top-column elementor-element elementor-element-47dc7a8\" data-id=\"47dc7a8\" data-element_type=\"column\">\n\t\t\t<div class=\"elementor-widget-wrap\">\n\t\t\t\t\t\t\t\t\t<\/div>\n\t\t<\/div>\n\t\t\t\t\t\t\t<\/div>\n\t\t<\/section>\n\t\t\t\t<section class=\"elementor-section elementor-top-section elementor-element elementor-element-7d0c0d3 elementor-section-boxed elementor-section-height-default elementor-section-height-default\" data-id=\"7d0c0d3\" data-element_type=\"section\" data-settings=\"{&quot;jet_parallax_layout_list&quot;:[]}\">\n\t\t\t\t\t\t<div class=\"elementor-container elementor-column-gap-wide\">\n\t\t\t\t\t<div class=\"elementor-column elementor-col-100 elementor-top-column elementor-element elementor-element-012ccb7\" data-id=\"012ccb7\" data-element_type=\"column\">\n\t\t\t<div class=\"elementor-widget-wrap elementor-element-populated\">\n\t\t\t\t\t\t\t\t<div class=\"elementor-element elementor-element-24e764b elementor-align-center elementor-widget elementor-widget-raven-heading\" data-id=\"24e764b\" data-element_type=\"widget\" data-widget_type=\"raven-heading.default\">\n\t\t\t\t<div class=\"elementor-widget-container\">\n\t\t\t\t\t<div class=\"raven-widget-wrapper\"><h1 class=\"raven-heading raven-heading-h1\"><span class=\"raven-heading-title \">Timetable \/ Booking<\/span><\/h1><\/div>\n\t\t\t\t<\/div>\n\t\t\t\t<\/div>\n\t\t\t\t<div class=\"elementor-element elementor-element-1289ec4 elementor-widget elementor-widget-image\" data-id=\"1289ec4\" data-element_type=\"widget\" data-widget_type=\"image.default\">\n\t\t\t\t<div class=\"elementor-widget-container\">\n\t\t\t<style>\/*! elementor - v3.13.2 - 11-05-2023 *\/\n.elementor-widget-image{text-align:center}.elementor-widget-image a{display:inline-block}.elementor-widget-image a img[src$=\".svg\"]{width:48px}.elementor-widget-image img{vertical-align:middle;display:inline-block}<\/style>\t\t\t\t\t\t\t\t\t\t\t\t<img decoding=\"async\" src=\"https:\/\/maoustudio.hu\/wp-content\/uploads\/elementor\/thumbs\/Screenshot-2024-09-25-at-22.48.28-qun865n5iuwyf2t0zi5w7s0pc24dygupugjy6knv40.png\" title=\"Screenshot 2024-09-25 at 22.48.28\" alt=\"Screenshot 2024-09-25 at 22.48.28\" loading=\"lazy\" \/>\t\t\t\t\t\t\t\t\t\t\t\t\t\t\t<\/div>\n\t\t\t\t<\/div>\n\t\t\t\t<div class=\"elementor-element elementor-element-7d16dcc elementor-widget elementor-widget-text-editor\" data-id=\"7d16dcc\" data-element_type=\"widget\" data-widget_type=\"text-editor.default\">\n\t\t\t\t<div class=\"elementor-widget-container\">\n\t\t\t<style>\/*! elementor - v3.13.2 - 11-05-2023 *\/\n.elementor-widget-text-editor.elementor-drop-cap-view-stacked .elementor-drop-cap{background-color:#69727d;color:#fff}.elementor-widget-text-editor.elementor-drop-cap-view-framed .elementor-drop-cap{color:#69727d;border:3px solid;background-color:transparent}.elementor-widget-text-editor:not(.elementor-drop-cap-view-default) .elementor-drop-cap{margin-top:8px}.elementor-widget-text-editor:not(.elementor-drop-cap-view-default) .elementor-drop-cap-letter{width:1em;height:1em}.elementor-widget-text-editor .elementor-drop-cap{float:left;text-align:center;line-height:1;font-size:50px}.elementor-widget-text-editor .elementor-drop-cap-letter{display:inline-block}<\/style>\t\t\t\t<p>Choose a location<\/p>\t\t\t\t\t\t<\/div>\n\t\t\t\t<\/div>\n\t\t\t\t<div class=\"elementor-element elementor-element-70d9cfd raven-nav-alignment-center main-layout-horizontal pointer-none submenu-anim-fade raven-dropdown-stretch raven-nav-menu-align-center submenu-position-bottom elementor-widget elementor-widget-raven-advanced-nav-menu\" data-id=\"70d9cfd\" data-element_type=\"widget\" data-settings=\"{&quot;submenu_indicator&quot;:{&quot;value&quot;:&quot;fas fa-angle-down&quot;,&quot;library&quot;:&quot;fa-solid&quot;},&quot;full_width&quot;:&quot;stretch&quot;,&quot;mobile_layout&quot;:&quot;dropdown&quot;,&quot;submenu_opening_position&quot;:&quot;bottom&quot;}\" data-widget_type=\"raven-advanced-nav-menu.default\">\n\t\t\t\t<div class=\"elementor-widget-container\">\n\t\t\t\t\t<!-- Main Menu -->\n\t\t<nav data-layout=\"horizontal\" class=\"raven-adnav-menu-main raven-adnav-menu-horizontal  \">\n\t\t\t\t\t<ul id=\"menu-70d9cfd\" class=\"raven-adnav-menu\">\n\t\t\t\t\t\t\t\t<li class=\"menu-item\" data-width_type=\"default\" data-submenu_pos=\"center\">\n\t\t\t\t\t\t\t\t<a href=\"https:\/\/maoustudio.hu\/orarend-foglalas\/hegyvidek\" class=\"raven-link-item raven-menu-item\">\n\t\t\t\t\t\t<span class=\"link-text\">\n\t\t\t\t<span class=\"link-label\">\n\t\t\t\t\tHegyvid\u00e9k\t\t\t\t<\/span>\n\t\t\t\t\t\t\t<\/span>\n\t\t<\/a>\n\t\t\t\t\t\t\t<\/li>\n\t\t\t\t\t\t\t\t\t\t<li class=\"menu-item\" data-width_type=\"default\" data-submenu_pos=\"center\">\n\t\t\t\t\t\t\t\t<a href=\"https:\/\/maoustudio.hu\/orarend-foglalas\/ujbuda\" class=\"raven-link-item raven-menu-item\">\n\t\t\t\t\t\t<span class=\"link-text\">\n\t\t\t\t<span class=\"link-label\">\n\t\t\t\t\t\u00dajbuda\t\t\t\t<\/span>\n\t\t\t\t\t\t\t<\/span>\n\t\t<\/a>\n\t\t\t\t\t\t\t<\/li>\n\t\t\t\t\t\t\t\t\t\t<li class=\"menu-item\" data-width_type=\"default\" data-submenu_pos=\"center\">\n\t\t\t\t\t\t\t\t<a href=\"https:\/\/maoustudio.hu\/en\/elementor-3515\" class=\"raven-link-item raven-menu-item\">\n\t\t\t\t\t\t<span class=\"link-text\">\n\t\t\t\t<span class=\"link-label\">\n\t\t\t\t\tTab\u00e1n\t\t\t\t<\/span>\n\t\t\t\t\t\t\t<\/span>\n\t\t<\/a>\n\t\t\t\t\t\t\t<\/li>\n\t\t\t\t\t\t\t<\/ul>\n\t\t\t\t<\/nav>\n\t\t\t\t<\/div>\n\t\t\t\t<\/div>\n\t\t\t\t\t<\/div>\n\t\t<\/div>\n\t\t\t\t\t\t\t<\/div>\n\t\t<\/section>\n\t\t\t\t<section class=\"elementor-section elementor-top-section elementor-element elementor-element-33fa2b81 elementor-section-boxed elementor-section-height-default elementor-section-height-default\" data-id=\"33fa2b81\" data-element_type=\"section\" data-settings=\"{&quot;jet_parallax_layout_list&quot;:[]}\">\n\t\t\t\t\t\t<div class=\"elementor-container elementor-column-gap-wider\">\n\t\t\t\t\t<div class=\"elementor-column elementor-col-33 elementor-top-column elementor-element elementor-element-31f152b2 map-column\" data-id=\"31f152b2\" data-element_type=\"column\">\n\t\t\t<div class=\"elementor-widget-wrap elementor-element-populated\">\n\t\t\t\t\t\t\t\t<div class=\"elementor-element elementor-element-edd757b elementor-widget elementor-widget-image\" data-id=\"edd757b\" data-element_type=\"widget\" data-widget_type=\"image.default\">\n\t\t\t\t<div class=\"elementor-widget-container\">\n\t\t\t\t\t\t\t\t\t\t\t\t\t\t\t<img loading=\"lazy\" decoding=\"async\" width=\"1024\" height=\"1024\" src=\"https:\/\/maoustudio.hu\/wp-content\/uploads\/2024\/09\/mauostudio_003-scaled-e1727299512374-1024x1024.jpeg\" class=\"attachment-large size-large wp-image-3215\" alt=\"\" srcset=\"https:\/\/maoustudio.hu\/wp-content\/uploads\/2024\/09\/mauostudio_003-scaled-e1727299512374-1024x1024.jpeg 1024w, https:\/\/maoustudio.hu\/wp-content\/uploads\/2024\/09\/mauostudio_003-scaled-e1727299512374-300x300.jpeg 300w, https:\/\/maoustudio.hu\/wp-content\/uploads\/2024\/09\/mauostudio_003-scaled-e1727299512374-150x150.jpeg 150w, https:\/\/maoustudio.hu\/wp-content\/uploads\/2024\/09\/mauostudio_003-scaled-e1727299512374-768x767.jpeg 768w, https:\/\/maoustudio.hu\/wp-content\/uploads\/2024\/09\/mauostudio_003-scaled-e1727299512374-500x500.jpeg 500w, https:\/\/maoustudio.hu\/wp-content\/uploads\/2024\/09\/mauostudio_003-scaled-e1727299512374-600x599.jpeg 600w, https:\/\/maoustudio.hu\/wp-content\/uploads\/2024\/09\/mauostudio_003-scaled-e1727299512374-100x100.jpeg 100w, https:\/\/maoustudio.hu\/wp-content\/uploads\/2024\/09\/mauostudio_003-scaled-e1727299512374.jpeg 1032w\" sizes=\"auto, (max-width: 1024px) 100vw, 1024px\" \/>\t\t\t\t\t\t\t\t\t\t\t\t\t\t\t<\/div>\n\t\t\t\t<\/div>\n\t\t\t\t\t<\/div>\n\t\t<\/div>\n\t\t\t\t<div class=\"elementor-column elementor-col-33 elementor-top-column elementor-element elementor-element-82756f7 map-column\" data-id=\"82756f7\" data-element_type=\"column\">\n\t\t\t<div class=\"elementor-widget-wrap elementor-element-populated\">\n\t\t\t\t\t\t\t\t<div class=\"elementor-element elementor-element-329bd14 elementor-widget elementor-widget-google_maps\" data-id=\"329bd14\" data-element_type=\"widget\" data-widget_type=\"google_maps.default\">\n\t\t\t\t<div class=\"elementor-widget-container\">\n\t\t\t<style>\/*! elementor - v3.13.2 - 11-05-2023 *\/\n.elementor-widget-google_maps .elementor-widget-container{overflow:hidden}.elementor-widget-google_maps .elementor-custom-embed{line-height:0}.elementor-widget-google_maps iframe{height:300px}<\/style>\t\t<div class=\"elementor-custom-embed\">\n\t\t\t<iframe loading=\"lazy\"\n\t\t\t\t\tsrc=\"https:\/\/maps.google.com\/maps?q=Maou%20Pilates%20Studio%20Budapest%2C%20Greguss%20u.%204%2C%201123%20Hungary&#038;t=m&#038;z=14&#038;output=embed&#038;iwloc=near\"\n\t\t\t\t\ttitle=\"Maou Pilates Studio Budapest, Greguss u. 4, 1123 Hungary\"\n\t\t\t\t\taria-label=\"Maou Pilates Studio Budapest, Greguss u. 4, 1123 Hungary\"\n\t\t\t><\/iframe>\n\t\t<\/div>\n\t\t\t\t<\/div>\n\t\t\t\t<\/div>\n\t\t\t\t\t<\/div>\n\t\t<\/div>\n\t\t\t\t<div class=\"elementor-column elementor-col-33 elementor-top-column elementor-element elementor-element-4785bb2 text-column\" data-id=\"4785bb2\" data-element_type=\"column\">\n\t\t\t<div class=\"elementor-widget-wrap elementor-element-populated\">\n\t\t\t\t\t\t\t\t<div class=\"elementor-element elementor-element-65c15910 elementor-widget elementor-widget-heading\" data-id=\"65c15910\" data-element_type=\"widget\" data-widget_type=\"heading.default\">\n\t\t\t\t<div class=\"elementor-widget-container\">\n\t\t\t<style>\/*! elementor - v3.13.2 - 11-05-2023 *\/\n.elementor-heading-title{padding:0;margin:0;line-height:1}.elementor-widget-heading .elementor-heading-title[class*=elementor-size-]>a{color:inherit;font-size:inherit;line-height:inherit}.elementor-widget-heading .elementor-heading-title.elementor-size-small{font-size:15px}.elementor-widget-heading .elementor-heading-title.elementor-size-medium{font-size:19px}.elementor-widget-heading .elementor-heading-title.elementor-size-large{font-size:29px}.elementor-widget-heading .elementor-heading-title.elementor-size-xl{font-size:39px}.elementor-widget-heading .elementor-heading-title.elementor-size-xxl{font-size:59px}<\/style><h3 class=\"elementor-heading-title elementor-size-default\">Maou Hegyvid\u00e9k<\/h3>\t\t<\/div>\n\t\t\t\t<\/div>\n\t\t\t\t<div class=\"elementor-element elementor-element-6f19b595 elementor-widget elementor-widget-text-editor\" data-id=\"6f19b595\" data-element_type=\"widget\" data-widget_type=\"text-editor.default\">\n\t\t\t\t<div class=\"elementor-widget-container\">\n\t\t\t\t\t\t\t<p><span style=\"color: var( --e-global-color-text ); font-family: var( --e-global-typography-text-font-family ), Sans-serif; font-weight: var( --e-global-typography-text-font-weight );\">Greguss utca. 4.<br \/>Budapest, 1123 <\/span><\/p>\n<p><a href=\"mailto:hegyvidek@maoustudio.hu\">hegyvidek@maoustudio.hu<\/a><\/p>\n<p><a href=\"tel:+36300720202\">+36 30 072 0202<\/a><\/p>\n\t\t\t\t\t\t<\/div>\n\t\t\t\t<\/div>\n\t\t\t\t<div class=\"elementor-element elementor-element-ba89eb5 elementor-align-left elementor-widget elementor-widget-raven-button\" data-id=\"ba89eb5\" data-element_type=\"widget\" data-widget_type=\"raven-button.default\">\n\t\t\t\t<div class=\"elementor-widget-container\">\n\t\t\t\t\t<div class=\"raven-widget-wrapper\">\n\t\t\t<a class=\"raven-button raven-button-widget-normal-effect-none raven-button-text-align- raven-button-link elementor-animation-none\" href=\"https:\/\/maoustudio.hu\/en\/faqs\/\">\n\t\t\t\t<span class=\"raven-button-content\">\n\t\t\t\t\t\n\t\t\t\t\t<div class=\"button-text-container\">\n\t\t\t\t\t\t\t\t\t\t\t\t<div class=\"raven-button-texts-wrapper\">\n\t\t\t\t\t\t\t<div class=\"button-text\">\n\t\t\t\t\t\t\t\t<span class=\"raven-button-text\">\n\t\t\t\t\t\t\t\t\tFrequently Asked Questions\t\t\t\t\t\t\t\t<\/span>\n\t\t\t\t\t\t\t<\/div>\n\t\t\t\t\t\t\t\t\t\t\t\t\t<\/div>\n\t\t\t\t\t\t\t\t\t\t\t<\/div>\n\t\t\t\t\t\n\t\t\t\t\t\t\t\t\t<\/span>\n\t\t\t<\/a>\n\t\t<\/div>\n\t\t\t\t<\/div>\n\t\t\t\t<\/div>\n\t\t\t\t\t<\/div>\n\t\t<\/div>\n\t\t\t\t\t\t\t<\/div>\n\t\t<\/section>\n\t\t\t\t<section class=\"elementor-section elementor-top-section elementor-element elementor-element-70dbc18 elementor-section-boxed elementor-section-height-default elementor-section-height-default\" data-id=\"70dbc18\" data-element_type=\"section\" data-settings=\"{&quot;jet_parallax_layout_list&quot;:[]}\">\n\t\t\t\t\t\t<div class=\"elementor-container elementor-column-gap-wider\">\n\t\t\t\t\t<div class=\"elementor-column elementor-col-100 elementor-top-column elementor-element elementor-element-8ff2e12\" data-id=\"8ff2e12\" data-element_type=\"column\">\n\t\t\t<div class=\"elementor-widget-wrap elementor-element-populated\">\n\t\t\t\t\t\t\t\t<div class=\"elementor-element elementor-element-c8439f5 elementor-widget elementor-widget-heading\" data-id=\"c8439f5\" data-element_type=\"widget\" data-widget_type=\"heading.default\">\n\t\t\t\t<div class=\"elementor-widget-container\">\n\t\t\t<p class=\"elementor-heading-title elementor-size-default\">Booking rules<\/p>\t\t<\/div>\n\t\t\t\t<\/div>\n\t\t\t\t<div class=\"elementor-element elementor-element-8596415 elementor-widget elementor-widget-text-editor\" data-id=\"8596415\" data-element_type=\"widget\" data-widget_type=\"text-editor.default\">\n\t\t\t\t<div class=\"elementor-widget-container\">\n\t\t\t\t\t\t\t<p>Booking via Motibro system after sign-up. By reserving a spot you accept all the rules of Maou Studio regarding the booking.<br \/>If you cannot attend a pre-registered class, please cancel your reservation at least 24 hours prior the start of the class.<br \/>In case of late cancellations or no-shows, Maou Studio reserves the right to charge the full fee.<br \/>The classes are 50 minutes long, please arrive on time, not to disturb the beginning class.<br \/>Participation in the classes and use of the equipment is at everyone\u2019s own risk. <\/p>\n\t\t\t\t\t\t<\/div>\n\t\t\t\t<\/div>\n\t\t\t\t\t<\/div>\n\t\t<\/div>\n\t\t\t\t\t\t\t<\/div>\n\t\t<\/section>\n\t\t\t\t<section class=\"elementor-section elementor-top-section elementor-element elementor-element-3fede9b1 elementor-section-boxed elementor-section-height-default elementor-section-height-default\" data-id=\"3fede9b1\" data-element_type=\"section\" data-settings=\"{&quot;jet_parallax_layout_list&quot;:[]}\">\n\t\t\t\t\t\t<div class=\"elementor-container elementor-column-gap-default\">\n\t\t\t\t\t<div class=\"elementor-column elementor-col-100 elementor-top-column elementor-element elementor-element-2edd4b83\" data-id=\"2edd4b83\" data-element_type=\"column\">\n\t\t\t<div class=\"elementor-widget-wrap elementor-element-populated\">\n\t\t\t\t\t\t\t\t<div class=\"elementor-element elementor-element-5ba9ffc1 elementor-widget elementor-widget-html\" data-id=\"5ba9ffc1\" data-element_type=\"widget\" data-widget_type=\"html.default\">\n\t\t\t\t<div class=\"elementor-widget-container\">\n\t\t\t<iframe loading=\"lazy\" src=\"https:\/\/www.motibro.com\/visitors\/reservation_widget?course_ids=26085%2C22486%2C12045%2C26057%2C22954%2C15917%2C26088%2C22794%2C11859%2C26089%2C15378%2C26402%2C26086%2C22545%2C26056%2C26087%2C24458%2C15893%2C11039%2C23615%2C11183%2C15377%2C26092%2C26091%2C26111%2C26110%2C26090%2C11037%2C26113%2C20307%2C11184&location_ids=1725&operator=maou-studio&premise_ids=2569&trainer_ids=8426%2C8638%2C6268%2C8572%2C6034%2C9746%2C8462%2C9188%2C6250%2C8905%2C4753%2C9649%2C9661%2C4636%2C9662%2C7688\" width=\"100%\" height=\"1000\"><\/iframe>\t\t<\/div>\n\t\t\t\t<\/div>\n\t\t\t\t\t<\/div>\n\t\t<\/div>\n\t\t\t\t\t\t\t<\/div>\n\t\t<\/section>\n\t\t\t\t\t\t\t<\/div>\n\t\t","protected":false},"excerpt":{"rendered":"<p>Timetable \/ Booking Choose a location Hegyvid\u00e9k \u00dajbuda Tab\u00e1n Maou Hegyvid\u00e9k Greguss utca. 4.Budapest, 1123 hegyvidek@maoustudio.hu +36 30 072 0202 Frequently Asked Questions Booking rules Booking via Motibro system after sign-up. By reserving a spot you accept all the rules of Maou Studio regarding the booking.If you cannot attend a pre-registered class, please cancel your [&hellip;]<\/p>\n","protected":false},"author":1,"featured_media":0,"parent":2541,"menu_order":0,"comment_status":"closed","ping_status":"closed","template":"","meta":{"footnotes":""},"class_list":["post-3149","page","type-page","status-publish","hentry"],"acf":[],"yoast_head":"<!-- This site is optimized with the Yoast SEO plugin v20.7 - https:\/\/yoast.com\/wordpress\/plugins\/seo\/ -->\n<title>Maou Hegyvid\u00e9k - Timetable \/ Booking - Maou Boutique Reformer Pilates Studio<\/title>\n<meta name=\"robots\" content=\"index, follow, max-snippet:-1, max-image-preview:large, max-video-preview:-1\" \/>\n<link rel=\"canonical\" href=\"https:\/\/maoustudio.hu\/en\/timetable-booking\/hegyvidek\/\" \/>\n<meta property=\"og:locale\" content=\"en_US\" \/>\n<meta property=\"og:type\" content=\"article\" \/>\n<meta property=\"og:title\" content=\"Maou Hegyvid\u00e9k - Timetable \/ Booking - Maou Boutique Reformer Pilates Studio\" \/>\n<meta property=\"og:description\" content=\"Timetable \/ Booking Choose a location Hegyvid\u00e9k \u00dajbuda Tab\u00e1n Maou Hegyvid\u00e9k Greguss utca. 4.Budapest, 1123 hegyvidek@maoustudio.hu +36 30 072 0202 Frequently Asked Questions Booking rules Booking via Motibro system after sign-up. By reserving a spot you accept all the rules of Maou Studio regarding the booking.If you cannot attend a pre-registered class, please cancel your [&hellip;]\" \/>\n<meta property=\"og:url\" content=\"https:\/\/maoustudio.hu\/en\/timetable-booking\/hegyvidek\/\" \/>\n<meta property=\"og:site_name\" content=\"Maou Boutique Reformer Pilates Studio\" \/>\n<meta property=\"article:publisher\" content=\"https:\/\/www.facebook.com\/maoustudio\" \/>\n<meta property=\"article:modified_time\" content=\"2025-12-30T07:23:50+00:00\" \/>\n<meta property=\"og:image\" content=\"https:\/\/maoustudio.hu\/wp-content\/uploads\/elementor\/thumbs\/Screenshot-2024-09-25-at-22.48.28-qun865n5iuwyf2t0zi5w7s0pc24dygupugjy6knv40.png\" \/>\n<meta name=\"twitter:card\" content=\"summary_large_image\" \/>\n<meta name=\"twitter:label1\" content=\"Est. reading time\" \/>\n\t<meta name=\"twitter:data1\" content=\"1 minute\" \/>\n<script type=\"application\/ld+json\" class=\"yoast-schema-graph\">{\"@context\":\"https:\/\/schema.org\",\"@graph\":[{\"@type\":\"WebPage\",\"@id\":\"https:\/\/maoustudio.hu\/en\/timetable-booking\/hegyvidek\/\",\"url\":\"https:\/\/maoustudio.hu\/en\/timetable-booking\/hegyvidek\/\",\"name\":\"Maou Hegyvid\u00e9k - Timetable \/ Booking - Maou Boutique Reformer Pilates Studio\",\"isPartOf\":{\"@id\":\"https:\/\/maoustudio.hu\/en\/#website\"},\"datePublished\":\"2024-08-22T23:05:53+00:00\",\"dateModified\":\"2025-12-30T07:23:50+00:00\",\"breadcrumb\":{\"@id\":\"https:\/\/maoustudio.hu\/en\/timetable-booking\/hegyvidek\/#breadcrumb\"},\"inLanguage\":\"en-US\",\"potentialAction\":[{\"@type\":\"ReadAction\",\"target\":[\"https:\/\/maoustudio.hu\/en\/timetable-booking\/hegyvidek\/\"]}]},{\"@type\":\"BreadcrumbList\",\"@id\":\"https:\/\/maoustudio.hu\/en\/timetable-booking\/hegyvidek\/#breadcrumb\",\"itemListElement\":[{\"@type\":\"ListItem\",\"position\":1,\"name\":\"Kezd\u0151lap\",\"item\":\"https:\/\/maoustudio.hu\/en\/\"},{\"@type\":\"ListItem\",\"position\":2,\"name\":\"Timetable \/ Booking\",\"item\":\"https:\/\/maoustudio.hu\/en\/timetable-booking\/\"},{\"@type\":\"ListItem\",\"position\":3,\"name\":\"Maou Hegyvid\u00e9k &#8211; Timetable \/ Booking\"}]},{\"@type\":\"WebSite\",\"@id\":\"https:\/\/maoustudio.hu\/en\/#website\",\"url\":\"https:\/\/maoustudio.hu\/en\/\",\"name\":\"Maou Boutique Reformer Pilates Studio\",\"description\":\"Boutique Reformer Pilates Studio\",\"publisher\":{\"@id\":\"https:\/\/maoustudio.hu\/en\/#organization\"},\"potentialAction\":[{\"@type\":\"SearchAction\",\"target\":{\"@type\":\"EntryPoint\",\"urlTemplate\":\"https:\/\/maoustudio.hu\/en\/?s={search_term_string}\"},\"query-input\":\"required name=search_term_string\"}],\"inLanguage\":\"en-US\"},{\"@type\":\"Organization\",\"@id\":\"https:\/\/maoustudio.hu\/en\/#organization\",\"name\":\"Maou Boutique Reformer Pilates Studio\",\"url\":\"https:\/\/maoustudio.hu\/en\/\",\"logo\":{\"@type\":\"ImageObject\",\"inLanguage\":\"en-US\",\"@id\":\"https:\/\/maoustudio.hu\/en\/#\/schema\/logo\/image\/\",\"url\":\"https:\/\/i0.wp.com\/maoustudio.hu\/wp-content\/uploads\/2023\/05\/maou-ico.png?fit=512%2C512&ssl=1\",\"contentUrl\":\"https:\/\/i0.wp.com\/maoustudio.hu\/wp-content\/uploads\/2023\/05\/maou-ico.png?fit=512%2C512&ssl=1\",\"width\":512,\"height\":512,\"caption\":\"Maou Boutique Reformer Pilates Studio\"},\"image\":{\"@id\":\"https:\/\/maoustudio.hu\/en\/#\/schema\/logo\/image\/\"},\"sameAs\":[\"https:\/\/www.facebook.com\/maoustudio\",\"https:\/\/www.instagram.com\/maoupilates\/\",\"https:\/\/www.youtube.com\/@MaouPilatesStudio\"]}]}<\/script>\n<!-- \/ Yoast SEO plugin. -->","yoast_head_json":{"title":"Maou Hegyvid\u00e9k - Timetable \/ Booking - Maou Boutique Reformer Pilates Studio","robots":{"index":"index","follow":"follow","max-snippet":"max-snippet:-1","max-image-preview":"max-image-preview:large","max-video-preview":"max-video-preview:-1"},"canonical":"https:\/\/maoustudio.hu\/en\/timetable-booking\/hegyvidek\/","og_locale":"en_US","og_type":"article","og_title":"Maou Hegyvid\u00e9k - Timetable \/ Booking - Maou Boutique Reformer Pilates Studio","og_description":"Timetable \/ Booking Choose a location Hegyvid\u00e9k \u00dajbuda Tab\u00e1n Maou Hegyvid\u00e9k Greguss utca. 4.Budapest, 1123 hegyvidek@maoustudio.hu +36 30 072 0202 Frequently Asked Questions Booking rules Booking via Motibro system after sign-up. By reserving a spot you accept all the rules of Maou Studio regarding the booking.If you cannot attend a pre-registered class, please cancel your [&hellip;]","og_url":"https:\/\/maoustudio.hu\/en\/timetable-booking\/hegyvidek\/","og_site_name":"Maou Boutique Reformer Pilates Studio","article_publisher":"https:\/\/www.facebook.com\/maoustudio","article_modified_time":"2025-12-30T07:23:50+00:00","og_image":[{"url":"https:\/\/maoustudio.hu\/wp-content\/uploads\/elementor\/thumbs\/Screenshot-2024-09-25-at-22.48.28-qun865n5iuwyf2t0zi5w7s0pc24dygupugjy6knv40.png"}],"twitter_card":"summary_large_image","twitter_misc":{"Est. reading time":"1 minute"},"schema":{"@context":"https:\/\/schema.org","@graph":[{"@type":"WebPage","@id":"https:\/\/maoustudio.hu\/en\/timetable-booking\/hegyvidek\/","url":"https:\/\/maoustudio.hu\/en\/timetable-booking\/hegyvidek\/","name":"Maou Hegyvid\u00e9k - Timetable \/ Booking - Maou Boutique Reformer Pilates Studio","isPartOf":{"@id":"https:\/\/maoustudio.hu\/en\/#website"},"datePublished":"2024-08-22T23:05:53+00:00","dateModified":"2025-12-30T07:23:50+00:00","breadcrumb":{"@id":"https:\/\/maoustudio.hu\/en\/timetable-booking\/hegyvidek\/#breadcrumb"},"inLanguage":"en-US","potentialAction":[{"@type":"ReadAction","target":["https:\/\/maoustudio.hu\/en\/timetable-booking\/hegyvidek\/"]}]},{"@type":"BreadcrumbList","@id":"https:\/\/maoustudio.hu\/en\/timetable-booking\/hegyvidek\/#breadcrumb","itemListElement":[{"@type":"ListItem","position":1,"name":"Kezd\u0151lap","item":"https:\/\/maoustudio.hu\/en\/"},{"@type":"ListItem","position":2,"name":"Timetable \/ Booking","item":"https:\/\/maoustudio.hu\/en\/timetable-booking\/"},{"@type":"ListItem","position":3,"name":"Maou Hegyvid\u00e9k &#8211; Timetable \/ Booking"}]},{"@type":"WebSite","@id":"https:\/\/maoustudio.hu\/en\/#website","url":"https:\/\/maoustudio.hu\/en\/","name":"Maou Boutique Reformer Pilates Studio","description":"Boutique Reformer Pilates Studio","publisher":{"@id":"https:\/\/maoustudio.hu\/en\/#organization"},"potentialAction":[{"@type":"SearchAction","target":{"@type":"EntryPoint","urlTemplate":"https:\/\/maoustudio.hu\/en\/?s={search_term_string}"},"query-input":"required name=search_term_string"}],"inLanguage":"en-US"},{"@type":"Organization","@id":"https:\/\/maoustudio.hu\/en\/#organization","name":"Maou Boutique Reformer Pilates Studio","url":"https:\/\/maoustudio.hu\/en\/","logo":{"@type":"ImageObject","inLanguage":"en-US","@id":"https:\/\/maoustudio.hu\/en\/#\/schema\/logo\/image\/","url":"https:\/\/i0.wp.com\/maoustudio.hu\/wp-content\/uploads\/2023\/05\/maou-ico.png?fit=512%2C512&ssl=1","contentUrl":"https:\/\/i0.wp.com\/maoustudio.hu\/wp-content\/uploads\/2023\/05\/maou-ico.png?fit=512%2C512&ssl=1","width":512,"height":512,"caption":"Maou Boutique Reformer Pilates Studio"},"image":{"@id":"https:\/\/maoustudio.hu\/en\/#\/schema\/logo\/image\/"},"sameAs":["https:\/\/www.facebook.com\/maoustudio","https:\/\/www.instagram.com\/maoupilates\/","https:\/\/www.youtube.com\/@MaouPilatesStudio"]}]}},"_links":{"self":[{"href":"https:\/\/maoustudio.hu\/en\/wp-json\/wp\/v2\/pages\/3149","targetHints":{"allow":["GET"]}}],"collection":[{"href":"https:\/\/maoustudio.hu\/en\/wp-json\/wp\/v2\/pages"}],"about":[{"href":"https:\/\/maoustudio.hu\/en\/wp-json\/wp\/v2\/types\/page"}],"author":[{"embeddable":true,"href":"https:\/\/maoustudio.hu\/en\/wp-json\/wp\/v2\/users\/1"}],"replies":[{"embeddable":true,"href":"https:\/\/maoustudio.hu\/en\/wp-json\/wp\/v2\/comments?post=3149"}],"version-history":[{"count":16,"href":"https:\/\/maoustudio.hu\/en\/wp-json\/wp\/v2\/pages\/3149\/revisions"}],"predecessor-version":[{"id":3607,"href":"https:\/\/maoustudio.hu\/en\/wp-json\/wp\/v2\/pages\/3149\/revisions\/3607"}],"up":[{"embeddable":true,"href":"https:\/\/maoustudio.hu\/en\/wp-json\/wp\/v2\/pages\/2541"}],"wp:attachment":[{"href":"https:\/\/maoustudio.hu\/en\/wp-json\/wp\/v2\/media?parent=3149"}],"curies":[{"name":"wp","href":"https:\/\/api.w.org\/{rel}","templated":true}]}}