{"id":2731,"date":"2023-03-17T00:09:45","date_gmt":"2023-03-16T23:09:45","guid":{"rendered":"https:\/\/maoustudio.hu\/programs\/"},"modified":"2024-05-10T20:18:25","modified_gmt":"2024-05-10T18:18:25","slug":"programs","status":"publish","type":"page","link":"https:\/\/maoustudio.hu\/en\/programs\/","title":{"rendered":"Programs"},"content":{"rendered":"\t\t<div data-elementor-type=\"wp-page\" data-elementor-id=\"2731\" class=\"elementor elementor-2731 elementor-773\">\n\t\t\t\t\t\t\t\t\t<section class=\"elementor-section elementor-top-section elementor-element elementor-element-753a4f3 elementor-section-full_width elementor-section-height-min-height elementor-section-height-default elementor-section-items-middle\" data-id=\"753a4f3\" data-element_type=\"section\" data-settings=\"{&quot;jet_parallax_layout_list&quot;:[],&quot;background_background&quot;:&quot;classic&quot;}\">\n\t\t\t\t\t\t<div class=\"elementor-container elementor-column-gap-default\">\n\t\t\t\t\t<div class=\"elementor-column elementor-col-100 elementor-top-column elementor-element elementor-element-d6dd9ca\" data-id=\"d6dd9ca\" data-element_type=\"column\">\n\t\t\t<div class=\"elementor-widget-wrap\">\n\t\t\t\t\t\t\t\t\t<\/div>\n\t\t<\/div>\n\t\t\t\t\t\t\t<\/div>\n\t\t<\/section>\n\t\t\t\t<section class=\"elementor-section elementor-top-section elementor-element elementor-element-d396aa9 elementor-section-boxed elementor-section-height-default elementor-section-height-default\" data-id=\"d396aa9\" data-element_type=\"section\" data-settings=\"{&quot;jet_parallax_layout_list&quot;:[]}\">\n\t\t\t\t\t\t<div class=\"elementor-container elementor-column-gap-wide\">\n\t\t\t\t\t<div class=\"elementor-column elementor-col-100 elementor-top-column elementor-element elementor-element-4e6b3fa\" data-id=\"4e6b3fa\" data-element_type=\"column\">\n\t\t\t<div class=\"elementor-widget-wrap elementor-element-populated\">\n\t\t\t\t\t\t\t\t<div class=\"elementor-element elementor-element-cc2daaa elementor-align-center elementor-widget elementor-widget-raven-heading\" data-id=\"cc2daaa\" data-element_type=\"widget\" data-widget_type=\"raven-heading.default\">\n\t\t\t\t<div class=\"elementor-widget-container\">\n\t\t\t\t\t<div class=\"raven-widget-wrapper\"><h1 class=\"raven-heading raven-heading-h1\"><span class=\"raven-heading-title \">Programs<\/span><\/h1><\/div>\n\t\t\t\t<\/div>\n\t\t\t\t<\/div>\n\t\t\t\t<div class=\"elementor-element elementor-element-1060a12 elementor-widget elementor-widget-spacer\" data-id=\"1060a12\" data-element_type=\"widget\" data-widget_type=\"spacer.default\">\n\t\t\t\t<div class=\"elementor-widget-container\">\n\t\t\t<style>\/*! elementor - v3.13.2 - 11-05-2023 *\/\n.elementor-column .elementor-spacer-inner{height:var(--spacer-size)}.e-con{--container-widget-width:100%}.e-con-inner>.elementor-widget-spacer,.e-con>.elementor-widget-spacer{width:var(--container-widget-width,var(--spacer-size));--align-self:var(--container-widget-align-self,initial);--flex-shrink:0}.e-con-inner>.elementor-widget-spacer>.elementor-widget-container,.e-con-inner>.elementor-widget-spacer>.elementor-widget-container>.elementor-spacer,.e-con>.elementor-widget-spacer>.elementor-widget-container,.e-con>.elementor-widget-spacer>.elementor-widget-container>.elementor-spacer{height:100%}.e-con-inner>.elementor-widget-spacer>.elementor-widget-container>.elementor-spacer>.elementor-spacer-inner,.e-con>.elementor-widget-spacer>.elementor-widget-container>.elementor-spacer>.elementor-spacer-inner{height:var(--container-widget-height,var(--spacer-size))}<\/style>\t\t<div class=\"elementor-spacer\">\n\t\t\t<div class=\"elementor-spacer-inner\"><\/div>\n\t\t<\/div>\n\t\t\t\t<\/div>\n\t\t\t\t<\/div>\n\t\t\t\t<div class=\"elementor-element elementor-element-903d9c9 classtype-tabs on-classtype-page animated-slow raven-tabs-mobile-stacking-yes elementor-invisible elementor-widget elementor-widget-raven-tabs\" data-id=\"903d9c9\" data-element_type=\"widget\" data-settings=\"{&quot;tabs_pane_animation&quot;:&quot;fade&quot;,&quot;_animation&quot;:&quot;fadeIn&quot;,&quot;tabs_event&quot;:&quot;click&quot;}\" data-widget_type=\"raven-tabs.default\">\n\t\t\t\t<div class=\"elementor-widget-container\">\n\t\t\t\t\t<div class=\"raven-widget-wrapper\">\n\t\t\t<div class=\"raven-tabs raven-tabs-horizontal raven-tabs-button\">\n\t\t\t\t<div class=\"raven-tabs-list\" role=\"tablist\">\n\t\t\t\t\t\t\t\t\t\t\t<div id=\"raven-tabs-title-1511\" class=\"raven-tabs-title raven-tabs-desktop-title raven-tabs-active raven-tabs-has-icon\" role=\"tab\" aria-controls=\"raven-tabs-content-1511\" tabindex=\"-1\" data-tab=\"1\">\n\t\t\t\t\t\t\t\t\t\t<span class=\"raven-tabs-title-icon\">\n\t\t\t\t\t\t\t<\/span>\n\t\t\t\t\t\t\t\t\t\t<span class=\"raven-tabs-title-text\">Events<\/span>\n\t\t\t\t\t\t<\/div>\n\t\t\t\t\t\t\t\t\t\t\t<div id=\"raven-tabs-title-1512\" class=\"raven-tabs-title raven-tabs-desktop-title raven-tabs-has-icon\" role=\"tab\" aria-controls=\"raven-tabs-content-1512\" tabindex=\"-1\" data-tab=\"2\">\n\t\t\t\t\t\t\t\t\t\t<span class=\"raven-tabs-title-icon\">\n\t\t\t\t\t\t\t<\/span>\n\t\t\t\t\t\t\t\t\t\t<span class=\"raven-tabs-title-text\">Online course<\/span>\n\t\t\t\t\t\t<\/div>\n\t\t\t\t\t\t\t\t\t<\/div>\n\t\t\t\t<div class=\"raven-tabs-content-wrapper\">\n\t\t\t\t\t\t\n\t\t\t\t\t\t<div class=\"raven-tabs-title raven-tabs-mobile-title raven-tabs-active raven-tabs-has-icon\" role=\"tab\" tabindex=\"-1\" data-tab=\"1\">\n\t\t\t\t\t\t\t<span class=\"raven-tabs-title-icon\">\n\t\t\t\t\t\t\t<\/span>\n\t\t\t\t\t\t\t<span class=\"raven-tabs-title-text\">Events<\/span>\n\t\t\t<\/div>\n\t\t\t\t\t\t<div id=\"esemenyek\" class=\"raven-tabs-content elementor-clearfix raven-tabs-active\" role=\"tabpanel\" aria-labelledby=\"raven-tabs-title-1511\" data-tab=\"1\">\n\t\t\t\t<div class=\"raven-animations-fade is-template-content\">\n\t\t\t\t\t\t<div data-elementor-type=\"section\" data-elementor-id=\"2789\" class=\"elementor elementor-2789\">\n\t\t\t\t\t\t\t\t\t<section class=\"elementor-section elementor-top-section elementor-element elementor-element-6811a3ec elementor-section-boxed elementor-section-height-default elementor-section-height-default\" data-id=\"6811a3ec\" data-element_type=\"section\" data-settings=\"{&quot;jet_parallax_layout_list&quot;:[]}\">\n\t\t\t\t\t\t<div class=\"elementor-container elementor-column-gap-default\">\n\t\t\t\t\t<div class=\"elementor-column elementor-col-100 elementor-top-column elementor-element elementor-element-607c1315\" data-id=\"607c1315\" data-element_type=\"column\">\n\t\t\t<div class=\"elementor-widget-wrap elementor-element-populated\">\n\t\t\t\t\t\t\t\t<section class=\"elementor-section elementor-inner-section elementor-element elementor-element-7ad75388 elementor-section-content-middle elementor-section-boxed elementor-section-height-default elementor-section-height-default\" data-id=\"7ad75388\" data-element_type=\"section\" data-settings=\"{&quot;jet_parallax_layout_list&quot;:[]}\">\n\t\t\t\t\t\t<div class=\"elementor-container elementor-column-gap-no\">\n\t\t\t\t\t<div class=\"elementor-column elementor-col-50 elementor-inner-column elementor-element elementor-element-8f20737\" data-id=\"8f20737\" data-element_type=\"column\">\n\t\t\t<div class=\"elementor-widget-wrap elementor-element-populated\">\n\t\t\t\t\t\t\t\t<div class=\"elementor-element elementor-element-54e04c21 elementor-widget elementor-widget-heading\" data-id=\"54e04c21\" data-element_type=\"widget\" data-widget_type=\"heading.default\">\n\t\t\t\t<div class=\"elementor-widget-container\">\n\t\t\t<style>\/*! elementor - v3.13.2 - 11-05-2023 *\/\n.elementor-heading-title{padding:0;margin:0;line-height:1}.elementor-widget-heading .elementor-heading-title[class*=elementor-size-]>a{color:inherit;font-size:inherit;line-height:inherit}.elementor-widget-heading .elementor-heading-title.elementor-size-small{font-size:15px}.elementor-widget-heading .elementor-heading-title.elementor-size-medium{font-size:19px}.elementor-widget-heading .elementor-heading-title.elementor-size-large{font-size:29px}.elementor-widget-heading .elementor-heading-title.elementor-size-xl{font-size:39px}.elementor-widget-heading .elementor-heading-title.elementor-size-xxl{font-size:59px}<\/style><h2 class=\"elementor-heading-title elementor-size-default\">Events<\/h2>\t\t<\/div>\n\t\t\t\t<\/div>\n\t\t\t\t\t<\/div>\n\t\t<\/div>\n\t\t\t\t<div class=\"elementor-column elementor-col-50 elementor-inner-column elementor-element elementor-element-44c60b50\" data-id=\"44c60b50\" data-element_type=\"column\">\n\t\t\t<div class=\"elementor-widget-wrap elementor-element-populated\">\n\t\t\t\t\t\t\t\t\t<\/div>\n\t\t<\/div>\n\t\t\t\t\t\t\t<\/div>\n\t\t<\/section>\n\t\t\t\t<div class=\"elementor-element elementor-element-2da25882 elementor-widget elementor-widget-spacer\" data-id=\"2da25882\" data-element_type=\"widget\" data-widget_type=\"spacer.default\">\n\t\t\t\t<div class=\"elementor-widget-container\">\n\t\t\t\t\t<div class=\"elementor-spacer\">\n\t\t\t<div class=\"elementor-spacer-inner\"><\/div>\n\t\t<\/div>\n\t\t\t\t<\/div>\n\t\t\t\t<\/div>\n\t\t\t\t<div class=\"elementor-element elementor-element-42c839 elementor-widget elementor-widget-jet-posts\" data-id=\"42c839\" data-element_type=\"widget\" data-settings=\"{&quot;columns&quot;:&quot;1&quot;}\" data-widget_type=\"jet-posts.default\">\n\t\t\t\t<div class=\"elementor-widget-container\">\n\t\t\t<div class=\"elementor-jet-posts jet-elements\"><div class=\"jet-posts col-row \"><\/div>\n<\/div>\t\t<\/div>\n\t\t\t\t<\/div>\n\t\t\t\t\t<\/div>\n\t\t<\/div>\n\t\t\t\t\t\t\t<\/div>\n\t\t<\/section>\n\t\t\t\t\t\t\t<\/div>\n\t\t\t\t\t\t<\/div>\n\t\t\t<\/div>\n\t\t\t\n\t\t\t\t\t\t<div class=\"raven-tabs-title raven-tabs-mobile-title raven-tabs-has-icon\" role=\"tab\" tabindex=\"-1\" data-tab=\"2\">\n\t\t\t\t\t\t\t<span class=\"raven-tabs-title-icon\">\n\t\t\t\t\t\t\t<\/span>\n\t\t\t\t\t\t\t<span class=\"raven-tabs-title-text\">Online course<\/span>\n\t\t\t<\/div>\n\t\t\t\t\t\t<div id=\"online-edzesprogram\" class=\"raven-tabs-content elementor-clearfix\" role=\"tabpanel\" aria-labelledby=\"raven-tabs-title-1512\" data-tab=\"2\">\n\t\t\t\t<div class=\"raven-animations-fade is-simple-content\">\n\t\t\t\t<p style=\"text-align: center\">Coming soon<\/p>\n\t\t\t\t<\/div>\n\t\t\t<\/div>\n\t\t\t\t\t\t\t<\/div>\n\t\t\t<\/div>\n\t\t<\/div>\n\t\t\t\t<\/div>\n\t\t\t\t<\/div>\n\t\t\t\t\t<\/div>\n\t\t<\/div>\n\t\t\t\t\t\t\t<\/div>\n\t\t<\/section>\n\t\t\t\t\t\t\t<\/div>\n\t\t","protected":false},"excerpt":{"rendered":"<p>Events Online course Events Events Sri-Lanka Pilates t\u00e1bor 2024 Hamarosan&#8230;Tov\u00e1bb \u2728 Maou Pilates Camp 2023 \u2728 Pilates t\u00e1bor a Kan\u00e1ri-szigetek egyik legszebb sziget\u00e9n, Tenerif\u00e9n. \ud83c\udfddHelysz\u00edn: Tenerife, Kan\u00e1ri-szigetek\ud83d\udcab Id\u0151pont: 2023. Szeptember 25.-30. \ud83c\udfecSz\u00e1ll\u00e1s: A 4 csillagos, Barcelo&hellip;Tov\u00e1bb Online course Coming soon<\/p>\n","protected":false},"author":1,"featured_media":0,"parent":0,"menu_order":0,"comment_status":"closed","ping_status":"closed","template":"","meta":{"footnotes":""},"class_list":["post-2731","page","type-page","status-publish","hentry"],"acf":[],"yoast_head":"<!-- This site is optimized with the Yoast SEO plugin v20.7 - https:\/\/yoast.com\/wordpress\/plugins\/seo\/ -->\n<title>Programs - Maou Boutique Reformer Pilates Studio<\/title>\n<meta name=\"robots\" content=\"index, follow, max-snippet:-1, max-image-preview:large, max-video-preview:-1\" \/>\n<link rel=\"canonical\" href=\"https:\/\/maoustudio.hu\/en\/programs\/\" \/>\n<meta property=\"og:locale\" content=\"en_US\" \/>\n<meta property=\"og:type\" content=\"article\" \/>\n<meta property=\"og:title\" content=\"Programs - Maou Boutique Reformer Pilates Studio\" \/>\n<meta property=\"og:description\" content=\"Events Online course Events Events Sri-Lanka Pilates t\u00e1bor 2024 Hamarosan&#8230;Tov\u00e1bb \u2728 Maou Pilates Camp 2023 \u2728 Pilates t\u00e1bor a Kan\u00e1ri-szigetek egyik legszebb sziget\u00e9n, Tenerif\u00e9n. \ud83c\udfddHelysz\u00edn: Tenerife, Kan\u00e1ri-szigetek\ud83d\udcab Id\u0151pont: 2023. Szeptember 25.-30. \ud83c\udfecSz\u00e1ll\u00e1s: A 4 csillagos, Barcelo&hellip;Tov\u00e1bb Online course Coming soon\" \/>\n<meta property=\"og:url\" content=\"https:\/\/maoustudio.hu\/en\/programs\/\" \/>\n<meta property=\"og:site_name\" content=\"Maou Boutique Reformer Pilates Studio\" \/>\n<meta property=\"article:publisher\" content=\"https:\/\/www.facebook.com\/maoustudio\" \/>\n<meta property=\"article:modified_time\" content=\"2024-05-10T18:18:25+00:00\" \/>\n<meta property=\"og:image\" content=\"https:\/\/maoustudio.hu\/wp-content\/uploads\/2024\/02\/taborok-resized.jpg\" \/>\n<meta name=\"twitter:card\" content=\"summary_large_image\" \/>\n<meta name=\"twitter:label1\" content=\"Est. reading time\" \/>\n\t<meta name=\"twitter:data1\" content=\"1 minute\" \/>\n<script type=\"application\/ld+json\" class=\"yoast-schema-graph\">{\"@context\":\"https:\/\/schema.org\",\"@graph\":[{\"@type\":\"WebPage\",\"@id\":\"https:\/\/maoustudio.hu\/en\/programs\/\",\"url\":\"https:\/\/maoustudio.hu\/en\/programs\/\",\"name\":\"Programs - Maou Boutique Reformer Pilates Studio\",\"isPartOf\":{\"@id\":\"https:\/\/maoustudio.hu\/en\/#website\"},\"datePublished\":\"2023-03-16T23:09:45+00:00\",\"dateModified\":\"2024-05-10T18:18:25+00:00\",\"breadcrumb\":{\"@id\":\"https:\/\/maoustudio.hu\/en\/programs\/#breadcrumb\"},\"inLanguage\":\"en-US\",\"potentialAction\":[{\"@type\":\"ReadAction\",\"target\":[\"https:\/\/maoustudio.hu\/en\/programs\/\"]}]},{\"@type\":\"BreadcrumbList\",\"@id\":\"https:\/\/maoustudio.hu\/en\/programs\/#breadcrumb\",\"itemListElement\":[{\"@type\":\"ListItem\",\"position\":1,\"name\":\"Kezd\u0151lap\",\"item\":\"https:\/\/maoustudio.hu\/en\/\"},{\"@type\":\"ListItem\",\"position\":2,\"name\":\"Programs\"}]},{\"@type\":\"WebSite\",\"@id\":\"https:\/\/maoustudio.hu\/en\/#website\",\"url\":\"https:\/\/maoustudio.hu\/en\/\",\"name\":\"Maou Boutique Reformer Pilates Studio\",\"description\":\"Boutique Reformer Pilates Studio\",\"publisher\":{\"@id\":\"https:\/\/maoustudio.hu\/en\/#organization\"},\"potentialAction\":[{\"@type\":\"SearchAction\",\"target\":{\"@type\":\"EntryPoint\",\"urlTemplate\":\"https:\/\/maoustudio.hu\/en\/?s={search_term_string}\"},\"query-input\":\"required name=search_term_string\"}],\"inLanguage\":\"en-US\"},{\"@type\":\"Organization\",\"@id\":\"https:\/\/maoustudio.hu\/en\/#organization\",\"name\":\"Maou Boutique Reformer Pilates Studio\",\"url\":\"https:\/\/maoustudio.hu\/en\/\",\"logo\":{\"@type\":\"ImageObject\",\"inLanguage\":\"en-US\",\"@id\":\"https:\/\/maoustudio.hu\/en\/#\/schema\/logo\/image\/\",\"url\":\"https:\/\/i0.wp.com\/maoustudio.hu\/wp-content\/uploads\/2023\/05\/maou-ico.png?fit=512%2C512&ssl=1\",\"contentUrl\":\"https:\/\/i0.wp.com\/maoustudio.hu\/wp-content\/uploads\/2023\/05\/maou-ico.png?fit=512%2C512&ssl=1\",\"width\":512,\"height\":512,\"caption\":\"Maou Boutique Reformer Pilates Studio\"},\"image\":{\"@id\":\"https:\/\/maoustudio.hu\/en\/#\/schema\/logo\/image\/\"},\"sameAs\":[\"https:\/\/www.facebook.com\/maoustudio\",\"https:\/\/www.instagram.com\/maoupilates\/\",\"https:\/\/www.youtube.com\/@MaouPilatesStudio\"]}]}<\/script>\n<!-- \/ Yoast SEO plugin. -->","yoast_head_json":{"title":"Programs - Maou Boutique Reformer Pilates Studio","robots":{"index":"index","follow":"follow","max-snippet":"max-snippet:-1","max-image-preview":"max-image-preview:large","max-video-preview":"max-video-preview:-1"},"canonical":"https:\/\/maoustudio.hu\/en\/programs\/","og_locale":"en_US","og_type":"article","og_title":"Programs - Maou Boutique Reformer Pilates Studio","og_description":"Events Online course Events Events Sri-Lanka Pilates t\u00e1bor 2024 Hamarosan&#8230;Tov\u00e1bb \u2728 Maou Pilates Camp 2023 \u2728 Pilates t\u00e1bor a Kan\u00e1ri-szigetek egyik legszebb sziget\u00e9n, Tenerif\u00e9n. \ud83c\udfddHelysz\u00edn: Tenerife, Kan\u00e1ri-szigetek\ud83d\udcab Id\u0151pont: 2023. Szeptember 25.-30. \ud83c\udfecSz\u00e1ll\u00e1s: A 4 csillagos, Barcelo&hellip;Tov\u00e1bb Online course Coming soon","og_url":"https:\/\/maoustudio.hu\/en\/programs\/","og_site_name":"Maou Boutique Reformer Pilates Studio","article_publisher":"https:\/\/www.facebook.com\/maoustudio","article_modified_time":"2024-05-10T18:18:25+00:00","og_image":[{"url":"https:\/\/maoustudio.hu\/wp-content\/uploads\/2024\/02\/taborok-resized.jpg"}],"twitter_card":"summary_large_image","twitter_misc":{"Est. reading time":"1 minute"},"schema":{"@context":"https:\/\/schema.org","@graph":[{"@type":"WebPage","@id":"https:\/\/maoustudio.hu\/en\/programs\/","url":"https:\/\/maoustudio.hu\/en\/programs\/","name":"Programs - Maou Boutique Reformer Pilates Studio","isPartOf":{"@id":"https:\/\/maoustudio.hu\/en\/#website"},"datePublished":"2023-03-16T23:09:45+00:00","dateModified":"2024-05-10T18:18:25+00:00","breadcrumb":{"@id":"https:\/\/maoustudio.hu\/en\/programs\/#breadcrumb"},"inLanguage":"en-US","potentialAction":[{"@type":"ReadAction","target":["https:\/\/maoustudio.hu\/en\/programs\/"]}]},{"@type":"BreadcrumbList","@id":"https:\/\/maoustudio.hu\/en\/programs\/#breadcrumb","itemListElement":[{"@type":"ListItem","position":1,"name":"Kezd\u0151lap","item":"https:\/\/maoustudio.hu\/en\/"},{"@type":"ListItem","position":2,"name":"Programs"}]},{"@type":"WebSite","@id":"https:\/\/maoustudio.hu\/en\/#website","url":"https:\/\/maoustudio.hu\/en\/","name":"Maou Boutique Reformer Pilates Studio","description":"Boutique Reformer Pilates Studio","publisher":{"@id":"https:\/\/maoustudio.hu\/en\/#organization"},"potentialAction":[{"@type":"SearchAction","target":{"@type":"EntryPoint","urlTemplate":"https:\/\/maoustudio.hu\/en\/?s={search_term_string}"},"query-input":"required name=search_term_string"}],"inLanguage":"en-US"},{"@type":"Organization","@id":"https:\/\/maoustudio.hu\/en\/#organization","name":"Maou Boutique Reformer Pilates Studio","url":"https:\/\/maoustudio.hu\/en\/","logo":{"@type":"ImageObject","inLanguage":"en-US","@id":"https:\/\/maoustudio.hu\/en\/#\/schema\/logo\/image\/","url":"https:\/\/i0.wp.com\/maoustudio.hu\/wp-content\/uploads\/2023\/05\/maou-ico.png?fit=512%2C512&ssl=1","contentUrl":"https:\/\/i0.wp.com\/maoustudio.hu\/wp-content\/uploads\/2023\/05\/maou-ico.png?fit=512%2C512&ssl=1","width":512,"height":512,"caption":"Maou Boutique Reformer Pilates Studio"},"image":{"@id":"https:\/\/maoustudio.hu\/en\/#\/schema\/logo\/image\/"},"sameAs":["https:\/\/www.facebook.com\/maoustudio","https:\/\/www.instagram.com\/maoupilates\/","https:\/\/www.youtube.com\/@MaouPilatesStudio"]}]}},"_links":{"self":[{"href":"https:\/\/maoustudio.hu\/en\/wp-json\/wp\/v2\/pages\/2731","targetHints":{"allow":["GET"]}}],"collection":[{"href":"https:\/\/maoustudio.hu\/en\/wp-json\/wp\/v2\/pages"}],"about":[{"href":"https:\/\/maoustudio.hu\/en\/wp-json\/wp\/v2\/types\/page"}],"author":[{"embeddable":true,"href":"https:\/\/maoustudio.hu\/en\/wp-json\/wp\/v2\/users\/1"}],"replies":[{"embeddable":true,"href":"https:\/\/maoustudio.hu\/en\/wp-json\/wp\/v2\/comments?post=2731"}],"version-history":[{"count":7,"href":"https:\/\/maoustudio.hu\/en\/wp-json\/wp\/v2\/pages\/2731\/revisions"}],"predecessor-version":[{"id":3078,"href":"https:\/\/maoustudio.hu\/en\/wp-json\/wp\/v2\/pages\/2731\/revisions\/3078"}],"wp:attachment":[{"href":"https:\/\/maoustudio.hu\/en\/wp-json\/wp\/v2\/media?parent=2731"}],"curies":[{"name":"wp","href":"https:\/\/api.w.org\/{rel}","templated":true}]}}