{"id":2545,"date":"2023-02-11T16:58:02","date_gmt":"2023-02-11T15:58:02","guid":{"rendered":"https:\/\/maoustudio.hu\/blog\/"},"modified":"2024-02-14T19:48:50","modified_gmt":"2024-02-14T18:48:50","slug":"blog","status":"publish","type":"page","link":"https:\/\/maoustudio.hu\/en\/blog\/","title":{"rendered":"Blog"},"content":{"rendered":"\t\t<div data-elementor-type=\"wp-page\" data-elementor-id=\"2545\" class=\"elementor elementor-2545 elementor-297\">\n\t\t\t\t\t\t\t\t\t<section class=\"elementor-section elementor-top-section elementor-element elementor-element-1df05da elementor-section-boxed elementor-section-height-default elementor-section-height-default\" data-id=\"1df05da\" data-element_type=\"section\" data-settings=\"{&quot;jet_parallax_layout_list&quot;:[]}\">\n\t\t\t\t\t\t<div class=\"elementor-container elementor-column-gap-default\">\n\t\t\t\t\t<div class=\"elementor-column elementor-col-100 elementor-top-column elementor-element elementor-element-4f0cfaf\" data-id=\"4f0cfaf\" data-element_type=\"column\">\n\t\t\t<div class=\"elementor-widget-wrap elementor-element-populated\">\n\t\t\t\t\t\t\t\t<div class=\"elementor-element elementor-element-71534bd elementor-widget elementor-widget-raven-posts\" data-id=\"71534bd\" data-element_type=\"widget\" data-settings=\"{&quot;classic_columns&quot;:&quot;1&quot;,&quot;query_posts_per_page&quot;:1,&quot;_skin&quot;:&quot;classic&quot;,&quot;classic_layout&quot;:&quot;grid&quot;,&quot;classic_columns_tablet&quot;:&quot;2&quot;,&quot;classic_columns_mobile&quot;:&quot;1&quot;,&quot;query_offset&quot;:0}\" data-widget_type=\"raven-posts.classic\">\n\t\t\t\t<div class=\"elementor-widget-container\">\n\t\t\t\t\t<div class=\"raven-posts raven-grid raven-grid-1 raven-grid-mobile-1 raven-grid-tablet-2 raven-grid-laptop-\" data-post-id=\"2545\" data-archive-query=\"\">\n\t\t\t\t<div class=\"raven-grid-item raven-post-item post-2800 post type-post status-publish format-standard has-post-thumbnail hentry category-press\">\n\t\t\t<div class=\"raven-post\">\n\t\t\t\t\t\t<div class=\"raven-post-image-wrap\">\n\t\t\t<a class=\"raven-post-image raven-image-fit\" href=\"https:\/\/maoustudio.hu\/en\/blog\/dorina-toppler-joyfitt-cover-girl\/\"><img loading=\"lazy\" decoding=\"async\" width=\"771\" height=\"1024\" src=\"https:\/\/maoustudio.hu\/wp-content\/uploads\/2024\/01\/Copy-of-thumbnail_JOY_2301_149-771x1024.jpg\" class=\"attachment-large size-large wp-image-2332\" alt=\"\" srcset=\"https:\/\/maoustudio.hu\/wp-content\/uploads\/2024\/01\/Copy-of-thumbnail_JOY_2301_149-771x1024.jpg 771w, https:\/\/maoustudio.hu\/wp-content\/uploads\/2024\/01\/Copy-of-thumbnail_JOY_2301_149-226x300.jpg 226w, https:\/\/maoustudio.hu\/wp-content\/uploads\/2024\/01\/Copy-of-thumbnail_JOY_2301_149-768x1020.jpg 768w, https:\/\/maoustudio.hu\/wp-content\/uploads\/2024\/01\/Copy-of-thumbnail_JOY_2301_149-1157x1536.jpg 1157w, https:\/\/maoustudio.hu\/wp-content\/uploads\/2024\/01\/Copy-of-thumbnail_JOY_2301_149-600x797.jpg 600w, https:\/\/maoustudio.hu\/wp-content\/uploads\/2024\/01\/Copy-of-thumbnail_JOY_2301_149.jpg 1322w\" sizes=\"auto, (max-width: 771px) 100vw, 771px\" \/> <span class=\"raven-post-image-overlay\"><\/span><\/a>\t\t<\/div>\n\t\t\t\t\t\t<div class=\"raven-post-content\">\n\t\t\t\t\t<h3 class=\"raven-post-title\"><a class=\"raven-post-title-link\" href=\"https:\/\/maoustudio.hu\/en\/blog\/dorina-toppler-joyfitt-cover-girl\/\">Dorina Toppler- joyFitt cover girl<\/a><\/h3>\t\t<div class=\"raven-post-meta\"><a class=\"raven-post-meta-item raven-post-date\" href=\"https:\/\/maoustudio.hu\/en\/blog\/2024\/01\/\" rel=\"bookmark\">January 10, 2024<\/a><\/div>\n\t\t\t\t<div class=\"raven-post-excerpt\">Dorina became the first JoyFitt cover girl of 2023. In addition to an exciting interview, he also shared with the readers useful mat pilates exercises that can be easily done<\/div>\n\t\t\t\t\t\t<\/div>\n\t\t\t<\/div>\n\t\t<\/div>\n\t\t\t\t<\/div>\n\t\t\t\t<\/div>\n\t\t\t\t<\/div>\n\t\t\t\t<div class=\"elementor-element elementor-element-144c94c elementor-widget-divider--view-line elementor-widget elementor-widget-divider\" data-id=\"144c94c\" data-element_type=\"widget\" data-widget_type=\"divider.default\">\n\t\t\t\t<div class=\"elementor-widget-container\">\n\t\t\t<style>\/*! elementor - v3.13.2 - 11-05-2023 *\/\n.elementor-widget-divider{--divider-border-style:none;--divider-border-width:1px;--divider-color:#0c0d0e;--divider-icon-size:20px;--divider-element-spacing:10px;--divider-pattern-height:24px;--divider-pattern-size:20px;--divider-pattern-url:none;--divider-pattern-repeat:repeat-x}.elementor-widget-divider .elementor-divider{display:flex}.elementor-widget-divider .elementor-divider__text{font-size:15px;line-height:1;max-width:95%}.elementor-widget-divider .elementor-divider__element{margin:0 var(--divider-element-spacing);flex-shrink:0}.elementor-widget-divider .elementor-icon{font-size:var(--divider-icon-size)}.elementor-widget-divider .elementor-divider-separator{display:flex;margin:0;direction:ltr}.elementor-widget-divider--view-line_icon .elementor-divider-separator,.elementor-widget-divider--view-line_text .elementor-divider-separator{align-items:center}.elementor-widget-divider--view-line_icon .elementor-divider-separator:after,.elementor-widget-divider--view-line_icon .elementor-divider-separator:before,.elementor-widget-divider--view-line_text .elementor-divider-separator:after,.elementor-widget-divider--view-line_text .elementor-divider-separator:before{display:block;content:\"\";border-bottom:0;flex-grow:1;border-top:var(--divider-border-width) var(--divider-border-style) var(--divider-color)}.elementor-widget-divider--element-align-left .elementor-divider .elementor-divider-separator>.elementor-divider__svg:first-of-type{flex-grow:0;flex-shrink:100}.elementor-widget-divider--element-align-left .elementor-divider-separator:before{content:none}.elementor-widget-divider--element-align-left .elementor-divider__element{margin-left:0}.elementor-widget-divider--element-align-right .elementor-divider .elementor-divider-separator>.elementor-divider__svg:last-of-type{flex-grow:0;flex-shrink:100}.elementor-widget-divider--element-align-right .elementor-divider-separator:after{content:none}.elementor-widget-divider--element-align-right .elementor-divider__element{margin-right:0}.elementor-widget-divider:not(.elementor-widget-divider--view-line_text):not(.elementor-widget-divider--view-line_icon) .elementor-divider-separator{border-top:var(--divider-border-width) var(--divider-border-style) var(--divider-color)}.elementor-widget-divider--separator-type-pattern{--divider-border-style:none}.elementor-widget-divider--separator-type-pattern.elementor-widget-divider--view-line .elementor-divider-separator,.elementor-widget-divider--separator-type-pattern:not(.elementor-widget-divider--view-line) .elementor-divider-separator:after,.elementor-widget-divider--separator-type-pattern:not(.elementor-widget-divider--view-line) .elementor-divider-separator:before,.elementor-widget-divider--separator-type-pattern:not([class*=elementor-widget-divider--view]) .elementor-divider-separator{width:100%;min-height:var(--divider-pattern-height);-webkit-mask-size:var(--divider-pattern-size) 100%;mask-size:var(--divider-pattern-size) 100%;-webkit-mask-repeat:var(--divider-pattern-repeat);mask-repeat:var(--divider-pattern-repeat);background-color:var(--divider-color);-webkit-mask-image:var(--divider-pattern-url);mask-image:var(--divider-pattern-url)}.elementor-widget-divider--no-spacing{--divider-pattern-size:auto}.elementor-widget-divider--bg-round{--divider-pattern-repeat:round}.rtl .elementor-widget-divider .elementor-divider__text{direction:rtl}.e-con-inner>.elementor-widget-divider,.e-con>.elementor-widget-divider{width:var(--container-widget-width,100%);--flex-grow:var(--container-widget-flex-grow)}<\/style>\t\t<div class=\"elementor-divider\">\n\t\t\t<span class=\"elementor-divider-separator\">\n\t\t\t\t\t\t<\/span>\n\t\t<\/div>\n\t\t\t\t<\/div>\n\t\t\t\t<\/div>\n\t\t\t\t\t<\/div>\n\t\t<\/div>\n\t\t\t\t\t\t\t<\/div>\n\t\t<\/section>\n\t\t\t\t<section class=\"elementor-section elementor-top-section elementor-element elementor-element-464006c elementor-section-boxed elementor-section-height-default elementor-section-height-default\" data-id=\"464006c\" data-element_type=\"section\" data-settings=\"{&quot;jet_parallax_layout_list&quot;:[]}\">\n\t\t\t\t\t\t<div class=\"elementor-container elementor-column-gap-wide\">\n\t\t\t\t\t<div class=\"elementor-column elementor-col-66 elementor-top-column elementor-element elementor-element-0d040d2\" data-id=\"0d040d2\" data-element_type=\"column\">\n\t\t\t<div class=\"elementor-widget-wrap elementor-element-populated\">\n\t\t\t\t\t\t\t\t<div class=\"elementor-element elementor-element-ec88b8e elementor-widget elementor-widget-raven-posts\" data-id=\"ec88b8e\" data-element_type=\"widget\" data-settings=\"{&quot;classic_columns&quot;:&quot;2&quot;,&quot;_skin&quot;:&quot;classic&quot;,&quot;classic_layout&quot;:&quot;grid&quot;,&quot;classic_columns_tablet&quot;:&quot;2&quot;,&quot;classic_columns_mobile&quot;:&quot;1&quot;,&quot;query_posts_per_page&quot;:6,&quot;query_offset&quot;:0}\" data-widget_type=\"raven-posts.classic\">\n\t\t\t\t<div class=\"elementor-widget-container\">\n\t\t\t\t\t<div class=\"raven-posts raven-grid raven-grid-2 raven-grid-mobile-1 raven-grid-tablet-2 raven-grid-laptop-\" data-post-id=\"2545\" data-archive-query=\"\">\n\t\t\t\t<div class=\"raven-grid-item raven-post-item post-2798 post type-post status-publish format-standard has-post-thumbnail hentry category-press\">\n\t\t\t<div class=\"raven-post\">\n\t\t\t\t\t\t<div class=\"raven-post-image-wrap\">\n\t\t\t<a class=\"raven-post-image raven-image-fit\" href=\"https:\/\/maoustudio.hu\/en\/blog\/m4-sport-szabadido-magazine\/\"><img loading=\"lazy\" decoding=\"async\" width=\"300\" height=\"169\" src=\"https:\/\/maoustudio.hu\/wp-content\/uploads\/2024\/01\/m4-300x169.jpg\" class=\"attachment-medium size-medium wp-image-2462\" alt=\"\" srcset=\"https:\/\/maoustudio.hu\/wp-content\/uploads\/2024\/01\/m4-300x169.jpg 300w, https:\/\/maoustudio.hu\/wp-content\/uploads\/2024\/01\/m4-1024x576.jpg 1024w, https:\/\/maoustudio.hu\/wp-content\/uploads\/2024\/01\/m4-768x432.jpg 768w, https:\/\/maoustudio.hu\/wp-content\/uploads\/2024\/01\/m4-1536x864.jpg 1536w, https:\/\/maoustudio.hu\/wp-content\/uploads\/2024\/01\/m4-600x338.jpg 600w, https:\/\/maoustudio.hu\/wp-content\/uploads\/2024\/01\/m4.jpg 1920w\" sizes=\"auto, (max-width: 300px) 100vw, 300px\" \/> <span class=\"raven-post-image-overlay\"><\/span><\/a>\t\t<\/div>\n\t\t\t\t\t\t<div class=\"raven-post-content\">\n\t\t\t\t\t<h3 class=\"raven-post-title\"><a class=\"raven-post-title-link\" href=\"https:\/\/maoustudio.hu\/en\/blog\/m4-sport-szabadido-magazine\/\">M4 Sport Szabadid\u0151 Magazine<\/a><\/h3>\t\t<div class=\"raven-post-meta\"><a class=\"raven-post-meta-item raven-post-date\" href=\"https:\/\/maoustudio.hu\/en\/blog\/2024\/01\/\" rel=\"bookmark\">January 10, 2024<\/a><\/div>\n\t\t\t\t<div class=\"raven-post-excerpt\">Dorina talks about the importance of daily stretching in the program of the M4 Sport-Szabad\u00edd\u0151 magazine, where she also reveals the difference between a traditional mat stretching and a reformer<\/div>\n\t\t\t\t\t\t<\/div>\n\t\t\t<\/div>\n\t\t<\/div>\n\t\t\t\t<div class=\"raven-grid-item raven-post-item post-2796 post type-post status-publish format-standard has-post-thumbnail hentry category-press\">\n\t\t\t<div class=\"raven-post\">\n\t\t\t\t\t\t<div class=\"raven-post-image-wrap\">\n\t\t\t<a class=\"raven-post-image raven-image-fit\" href=\"https:\/\/maoustudio.hu\/en\/blog\/elle-decoration-magazine\/\"><img loading=\"lazy\" decoding=\"async\" width=\"300\" height=\"137\" src=\"https:\/\/maoustudio.hu\/wp-content\/uploads\/2024\/01\/Screenshot-2024-02-06-at-22.35.19-300x137.png\" class=\"attachment-medium size-medium wp-image-2459\" alt=\"\" srcset=\"https:\/\/maoustudio.hu\/wp-content\/uploads\/2024\/01\/Screenshot-2024-02-06-at-22.35.19-300x137.png 300w, https:\/\/maoustudio.hu\/wp-content\/uploads\/2024\/01\/Screenshot-2024-02-06-at-22.35.19-1024x468.png 1024w, https:\/\/maoustudio.hu\/wp-content\/uploads\/2024\/01\/Screenshot-2024-02-06-at-22.35.19-768x351.png 768w, https:\/\/maoustudio.hu\/wp-content\/uploads\/2024\/01\/Screenshot-2024-02-06-at-22.35.19-1536x703.png 1536w, https:\/\/maoustudio.hu\/wp-content\/uploads\/2024\/01\/Screenshot-2024-02-06-at-22.35.19-600x275.png 600w, https:\/\/maoustudio.hu\/wp-content\/uploads\/2024\/01\/Screenshot-2024-02-06-at-22.35.19.png 1718w\" sizes=\"auto, (max-width: 300px) 100vw, 300px\" \/> <span class=\"raven-post-image-overlay\"><\/span><\/a>\t\t<\/div>\n\t\t\t\t\t\t<div class=\"raven-post-content\">\n\t\t\t\t\t<h3 class=\"raven-post-title\"><a class=\"raven-post-title-link\" href=\"https:\/\/maoustudio.hu\/en\/blog\/elle-decoration-magazine\/\">ELLE Decoration magazine<\/a><\/h3>\t\t<div class=\"raven-post-meta\"><a class=\"raven-post-meta-item raven-post-date\" href=\"https:\/\/maoustudio.hu\/en\/blog\/2024\/01\/\" rel=\"bookmark\">January 10, 2024<\/a><\/div>\n\t\t\t\t<div class=\"raven-post-excerpt\">Maou Studio is listed among the TOP10 autumn places in Hungary in the autumn issue of ELLE Decoration:<\/div>\n\t\t\t\t\t\t<\/div>\n\t\t\t<\/div>\n\t\t<\/div>\n\t\t\t\t<\/div>\n\t\t\t\t<\/div>\n\t\t\t\t<\/div>\n\t\t\t\t\t<\/div>\n\t\t<\/div>\n\t\t\t\t<div class=\"elementor-column elementor-col-33 elementor-top-column elementor-element elementor-element-1c7a426\" data-id=\"1c7a426\" data-element_type=\"column\">\n\t\t\t<div class=\"elementor-widget-wrap elementor-element-populated\">\n\t\t\t\t\t\t\t\t<div class=\"elementor-element elementor-element-42f79c6 elementor-widget elementor-widget-sidebar\" data-id=\"42f79c6\" data-element_type=\"widget\" data-widget_type=\"sidebar.default\">\n\t\t\t\t<div class=\"elementor-widget-container\">\n\t\t\t<div id=\"block-7\" class=\"jupiterx-widget widget_block block-7 widget_block\"><div class=\"jupiterx-widget-content\">\n<h4 class=\"wp-block-heading\">Kateg\u00f3ri\u00e1k<\/h4>\n<\/div><\/div><span class=\"jupiterx-widget-divider\"><\/span><div id=\"block-8\" class=\"jupiterx-widget widget_block block-8 widget_block\"><div class=\"jupiterx-widget-content\"><ul class=\"wp-block-categories-list wp-block-categories\">\t<li class=\"cat-item cat-item-47\"><a href=\"https:\/\/maoustudio.hu\/en\/blog\/category\/press\/\">Press<\/a>\n<\/li>\n<\/ul><\/div><\/div><span class=\"jupiterx-widget-divider\"><\/span>\t\t<\/div>\n\t\t\t\t<\/div>\n\t\t\t\t\t<\/div>\n\t\t<\/div>\n\t\t\t\t\t\t\t<\/div>\n\t\t<\/section>\n\t\t\t\t\t\t\t<\/div>\n\t\t","protected":false},"excerpt":{"rendered":"<p>Sri-Lanka Pilates t\u00e1bor 2024 janu\u00e1r 17, 2024 Hamarosan&#8230; Toppler Dorina- joyFitt c\u00edmlapl\u00e1ny janu\u00e1r 10, 2024 Dorina lett 2023 els\u0151 JoyFitt c\u00edmlap l\u00e1nya. Egy izgalmas interj\u00fa mellett, hasznos otthon elv\u00e9gezhet\u0151 talaj pilates gyakorlatokat illetve 3 eg\u00e9szs\u00e9ges receptet is megosztott az olvas\u00f3kkal! M4 Sport Szabadid\u0151 magazin janu\u00e1r 10, 2024 Dorina a mindennapos ny\u00fajt\u00e1s fontoss\u00e1g\u00e1r\u00f3l besz\u00e9l az M4 [&hellip;]<\/p>\n","protected":false},"author":1,"featured_media":0,"parent":0,"menu_order":0,"comment_status":"closed","ping_status":"closed","template":"","meta":{"footnotes":""},"class_list":["post-2545","page","type-page","status-publish","hentry"],"acf":[],"yoast_head":"<!-- This site is optimized with the Yoast SEO plugin v20.7 - https:\/\/yoast.com\/wordpress\/plugins\/seo\/ -->\n<title>Blog - Maou Boutique Reformer Pilates Studio<\/title>\n<meta name=\"robots\" content=\"index, follow, max-snippet:-1, max-image-preview:large, max-video-preview:-1\" \/>\n<link rel=\"canonical\" href=\"https:\/\/maoustudio.hu\/en\/blog\/\" \/>\n<meta property=\"og:locale\" content=\"en_US\" \/>\n<meta property=\"og:type\" content=\"article\" \/>\n<meta property=\"og:title\" content=\"Blog - Maou Boutique Reformer Pilates Studio\" \/>\n<meta property=\"og:description\" content=\"Sri-Lanka Pilates t\u00e1bor 2024 janu\u00e1r 17, 2024 Hamarosan&#8230; Toppler Dorina- joyFitt c\u00edmlapl\u00e1ny janu\u00e1r 10, 2024 Dorina lett 2023 els\u0151 JoyFitt c\u00edmlap l\u00e1nya. Egy izgalmas interj\u00fa mellett, hasznos otthon elv\u00e9gezhet\u0151 talaj pilates gyakorlatokat illetve 3 eg\u00e9szs\u00e9ges receptet is megosztott az olvas\u00f3kkal! M4 Sport Szabadid\u0151 magazin janu\u00e1r 10, 2024 Dorina a mindennapos ny\u00fajt\u00e1s fontoss\u00e1g\u00e1r\u00f3l besz\u00e9l az M4 [&hellip;]\" \/>\n<meta property=\"og:url\" content=\"https:\/\/maoustudio.hu\/en\/blog\/\" \/>\n<meta property=\"og:site_name\" content=\"Maou Boutique Reformer Pilates Studio\" \/>\n<meta property=\"article:publisher\" content=\"https:\/\/www.facebook.com\/maoustudio\" \/>\n<meta property=\"article:modified_time\" content=\"2024-02-14T18:48:50+00:00\" \/>\n<meta property=\"og:image\" content=\"https:\/\/i0.wp.com\/maoustudio.hu\/wp-content\/uploads\/2024\/02\/taborok-resized.jpg?fit=683%2C1024&amp;ssl=1\" \/>\n<meta name=\"twitter:card\" content=\"summary_large_image\" \/>\n<meta name=\"twitter:label1\" content=\"Est. reading time\" \/>\n\t<meta name=\"twitter:data1\" content=\"1 minute\" \/>\n<script type=\"application\/ld+json\" class=\"yoast-schema-graph\">{\"@context\":\"https:\/\/schema.org\",\"@graph\":[{\"@type\":\"WebPage\",\"@id\":\"https:\/\/maoustudio.hu\/en\/blog\/\",\"url\":\"https:\/\/maoustudio.hu\/en\/blog\/\",\"name\":\"Blog - Maou Boutique Reformer Pilates Studio\",\"isPartOf\":{\"@id\":\"https:\/\/maoustudio.hu\/en\/#website\"},\"datePublished\":\"2023-02-11T15:58:02+00:00\",\"dateModified\":\"2024-02-14T18:48:50+00:00\",\"breadcrumb\":{\"@id\":\"https:\/\/maoustudio.hu\/en\/blog\/#breadcrumb\"},\"inLanguage\":\"en-US\",\"potentialAction\":[{\"@type\":\"ReadAction\",\"target\":[\"https:\/\/maoustudio.hu\/en\/blog\/\"]}]},{\"@type\":\"BreadcrumbList\",\"@id\":\"https:\/\/maoustudio.hu\/en\/blog\/#breadcrumb\",\"itemListElement\":[{\"@type\":\"ListItem\",\"position\":1,\"name\":\"Kezd\u0151lap\",\"item\":\"https:\/\/maoustudio.hu\/en\/\"},{\"@type\":\"ListItem\",\"position\":2,\"name\":\"Blog\"}]},{\"@type\":\"WebSite\",\"@id\":\"https:\/\/maoustudio.hu\/en\/#website\",\"url\":\"https:\/\/maoustudio.hu\/en\/\",\"name\":\"Maou Boutique Reformer Pilates Studio\",\"description\":\"Boutique Reformer Pilates Studio\",\"publisher\":{\"@id\":\"https:\/\/maoustudio.hu\/en\/#organization\"},\"potentialAction\":[{\"@type\":\"SearchAction\",\"target\":{\"@type\":\"EntryPoint\",\"urlTemplate\":\"https:\/\/maoustudio.hu\/en\/?s={search_term_string}\"},\"query-input\":\"required name=search_term_string\"}],\"inLanguage\":\"en-US\"},{\"@type\":\"Organization\",\"@id\":\"https:\/\/maoustudio.hu\/en\/#organization\",\"name\":\"Maou Boutique Reformer Pilates Studio\",\"url\":\"https:\/\/maoustudio.hu\/en\/\",\"logo\":{\"@type\":\"ImageObject\",\"inLanguage\":\"en-US\",\"@id\":\"https:\/\/maoustudio.hu\/en\/#\/schema\/logo\/image\/\",\"url\":\"https:\/\/i0.wp.com\/maoustudio.hu\/wp-content\/uploads\/2023\/05\/maou-ico.png?fit=512%2C512&ssl=1\",\"contentUrl\":\"https:\/\/i0.wp.com\/maoustudio.hu\/wp-content\/uploads\/2023\/05\/maou-ico.png?fit=512%2C512&ssl=1\",\"width\":512,\"height\":512,\"caption\":\"Maou Boutique Reformer Pilates Studio\"},\"image\":{\"@id\":\"https:\/\/maoustudio.hu\/en\/#\/schema\/logo\/image\/\"},\"sameAs\":[\"https:\/\/www.facebook.com\/maoustudio\",\"https:\/\/www.instagram.com\/maoupilates\/\",\"https:\/\/www.youtube.com\/@MaouPilatesStudio\"]}]}<\/script>\n<!-- \/ Yoast SEO plugin. -->","yoast_head_json":{"title":"Blog - Maou Boutique Reformer Pilates Studio","robots":{"index":"index","follow":"follow","max-snippet":"max-snippet:-1","max-image-preview":"max-image-preview:large","max-video-preview":"max-video-preview:-1"},"canonical":"https:\/\/maoustudio.hu\/en\/blog\/","og_locale":"en_US","og_type":"article","og_title":"Blog - Maou Boutique Reformer Pilates Studio","og_description":"Sri-Lanka Pilates t\u00e1bor 2024 janu\u00e1r 17, 2024 Hamarosan&#8230; Toppler Dorina- joyFitt c\u00edmlapl\u00e1ny janu\u00e1r 10, 2024 Dorina lett 2023 els\u0151 JoyFitt c\u00edmlap l\u00e1nya. Egy izgalmas interj\u00fa mellett, hasznos otthon elv\u00e9gezhet\u0151 talaj pilates gyakorlatokat illetve 3 eg\u00e9szs\u00e9ges receptet is megosztott az olvas\u00f3kkal! M4 Sport Szabadid\u0151 magazin janu\u00e1r 10, 2024 Dorina a mindennapos ny\u00fajt\u00e1s fontoss\u00e1g\u00e1r\u00f3l besz\u00e9l az M4 [&hellip;]","og_url":"https:\/\/maoustudio.hu\/en\/blog\/","og_site_name":"Maou Boutique Reformer Pilates Studio","article_publisher":"https:\/\/www.facebook.com\/maoustudio","article_modified_time":"2024-02-14T18:48:50+00:00","og_image":[{"url":"https:\/\/i0.wp.com\/maoustudio.hu\/wp-content\/uploads\/2024\/02\/taborok-resized.jpg?fit=683%2C1024&amp;ssl=1"}],"twitter_card":"summary_large_image","twitter_misc":{"Est. reading time":"1 minute"},"schema":{"@context":"https:\/\/schema.org","@graph":[{"@type":"WebPage","@id":"https:\/\/maoustudio.hu\/en\/blog\/","url":"https:\/\/maoustudio.hu\/en\/blog\/","name":"Blog - Maou Boutique Reformer Pilates Studio","isPartOf":{"@id":"https:\/\/maoustudio.hu\/en\/#website"},"datePublished":"2023-02-11T15:58:02+00:00","dateModified":"2024-02-14T18:48:50+00:00","breadcrumb":{"@id":"https:\/\/maoustudio.hu\/en\/blog\/#breadcrumb"},"inLanguage":"en-US","potentialAction":[{"@type":"ReadAction","target":["https:\/\/maoustudio.hu\/en\/blog\/"]}]},{"@type":"BreadcrumbList","@id":"https:\/\/maoustudio.hu\/en\/blog\/#breadcrumb","itemListElement":[{"@type":"ListItem","position":1,"name":"Kezd\u0151lap","item":"https:\/\/maoustudio.hu\/en\/"},{"@type":"ListItem","position":2,"name":"Blog"}]},{"@type":"WebSite","@id":"https:\/\/maoustudio.hu\/en\/#website","url":"https:\/\/maoustudio.hu\/en\/","name":"Maou Boutique Reformer Pilates Studio","description":"Boutique Reformer Pilates Studio","publisher":{"@id":"https:\/\/maoustudio.hu\/en\/#organization"},"potentialAction":[{"@type":"SearchAction","target":{"@type":"EntryPoint","urlTemplate":"https:\/\/maoustudio.hu\/en\/?s={search_term_string}"},"query-input":"required name=search_term_string"}],"inLanguage":"en-US"},{"@type":"Organization","@id":"https:\/\/maoustudio.hu\/en\/#organization","name":"Maou Boutique Reformer Pilates Studio","url":"https:\/\/maoustudio.hu\/en\/","logo":{"@type":"ImageObject","inLanguage":"en-US","@id":"https:\/\/maoustudio.hu\/en\/#\/schema\/logo\/image\/","url":"https:\/\/i0.wp.com\/maoustudio.hu\/wp-content\/uploads\/2023\/05\/maou-ico.png?fit=512%2C512&ssl=1","contentUrl":"https:\/\/i0.wp.com\/maoustudio.hu\/wp-content\/uploads\/2023\/05\/maou-ico.png?fit=512%2C512&ssl=1","width":512,"height":512,"caption":"Maou Boutique Reformer Pilates Studio"},"image":{"@id":"https:\/\/maoustudio.hu\/en\/#\/schema\/logo\/image\/"},"sameAs":["https:\/\/www.facebook.com\/maoustudio","https:\/\/www.instagram.com\/maoupilates\/","https:\/\/www.youtube.com\/@MaouPilatesStudio"]}]}},"_links":{"self":[{"href":"https:\/\/maoustudio.hu\/en\/wp-json\/wp\/v2\/pages\/2545","targetHints":{"allow":["GET"]}}],"collection":[{"href":"https:\/\/maoustudio.hu\/en\/wp-json\/wp\/v2\/pages"}],"about":[{"href":"https:\/\/maoustudio.hu\/en\/wp-json\/wp\/v2\/types\/page"}],"author":[{"embeddable":true,"href":"https:\/\/maoustudio.hu\/en\/wp-json\/wp\/v2\/users\/1"}],"replies":[{"embeddable":true,"href":"https:\/\/maoustudio.hu\/en\/wp-json\/wp\/v2\/comments?post=2545"}],"version-history":[{"count":1,"href":"https:\/\/maoustudio.hu\/en\/wp-json\/wp\/v2\/pages\/2545\/revisions"}],"predecessor-version":[{"id":2546,"href":"https:\/\/maoustudio.hu\/en\/wp-json\/wp\/v2\/pages\/2545\/revisions\/2546"}],"wp:attachment":[{"href":"https:\/\/maoustudio.hu\/en\/wp-json\/wp\/v2\/media?parent=2545"}],"curies":[{"name":"wp","href":"https:\/\/api.w.org\/{rel}","templated":true}]}}