{"id":2541,"date":"2023-02-11T13:07:37","date_gmt":"2023-02-11T12:07:37","guid":{"rendered":"https:\/\/maoustudio.hu\/timetable-booking\/"},"modified":"2025-12-18T06:18:35","modified_gmt":"2025-12-18T05:18:35","slug":"timetable-booking","status":"publish","type":"page","link":"https:\/\/maoustudio.hu\/en\/timetable-booking\/","title":{"rendered":"Timetable \/ Booking"},"content":{"rendered":"\t\t<div data-elementor-type=\"wp-page\" data-elementor-id=\"2541\" class=\"elementor elementor-2541 elementor-271\">\n\t\t\t\t\t\t\t\t\t<section class=\"elementor-section elementor-top-section elementor-element elementor-element-d5b3257 elementor-section-full_width elementor-section-height-min-height elementor-section-height-default elementor-section-items-middle\" data-id=\"d5b3257\" data-element_type=\"section\" data-settings=\"{&quot;jet_parallax_layout_list&quot;:[],&quot;background_background&quot;:&quot;classic&quot;}\">\n\t\t\t\t\t\t<div class=\"elementor-container elementor-column-gap-default\">\n\t\t\t\t\t<div class=\"elementor-column elementor-col-100 elementor-top-column elementor-element elementor-element-c4a6bae\" data-id=\"c4a6bae\" data-element_type=\"column\">\n\t\t\t<div class=\"elementor-widget-wrap\">\n\t\t\t\t\t\t\t\t\t<\/div>\n\t\t<\/div>\n\t\t\t\t\t\t\t<\/div>\n\t\t<\/section>\n\t\t\t\t<section class=\"elementor-section elementor-top-section elementor-element elementor-element-62dced7 elementor-section-boxed elementor-section-height-default elementor-section-height-default\" data-id=\"62dced7\" data-element_type=\"section\" data-settings=\"{&quot;jet_parallax_layout_list&quot;:[]}\">\n\t\t\t\t\t\t<div class=\"elementor-container elementor-column-gap-wide\">\n\t\t\t\t\t<div class=\"elementor-column elementor-col-100 elementor-top-column elementor-element elementor-element-99201e3\" data-id=\"99201e3\" data-element_type=\"column\">\n\t\t\t<div class=\"elementor-widget-wrap elementor-element-populated\">\n\t\t\t\t\t\t\t\t<div class=\"elementor-element elementor-element-3ce20d5 elementor-align-center elementor-widget elementor-widget-raven-heading\" data-id=\"3ce20d5\" data-element_type=\"widget\" data-widget_type=\"raven-heading.default\">\n\t\t\t\t<div class=\"elementor-widget-container\">\n\t\t\t\t\t<div class=\"raven-widget-wrapper\"><h1 class=\"raven-heading raven-heading-h1\"><span class=\"raven-heading-title \">Timetable \/ Booking<\/span><\/h1><\/div>\n\t\t\t\t<\/div>\n\t\t\t\t<\/div>\n\t\t\t\t<div class=\"elementor-element elementor-element-6390c61 elementor-widget elementor-widget-image\" data-id=\"6390c61\" data-element_type=\"widget\" data-widget_type=\"image.default\">\n\t\t\t\t<div class=\"elementor-widget-container\">\n\t\t\t<style>\/*! elementor - v3.13.2 - 11-05-2023 *\/\n.elementor-widget-image{text-align:center}.elementor-widget-image a{display:inline-block}.elementor-widget-image a img[src$=\".svg\"]{width:48px}.elementor-widget-image img{vertical-align:middle;display:inline-block}<\/style>\t\t\t\t\t\t\t\t\t\t\t\t<img decoding=\"async\" src=\"https:\/\/maoustudio.hu\/wp-content\/uploads\/elementor\/thumbs\/Screenshot-2024-09-25-at-22.48.28-qun865n5iuwyf2t0zi5w7s0pc24dygupugjy6knv40.png\" title=\"Screenshot 2024-09-25 at 22.48.28\" alt=\"Screenshot 2024-09-25 at 22.48.28\" loading=\"lazy\" \/>\t\t\t\t\t\t\t\t\t\t\t\t\t\t\t<\/div>\n\t\t\t\t<\/div>\n\t\t\t\t<div class=\"elementor-element elementor-element-d070ad1 elementor-widget elementor-widget-text-editor\" data-id=\"d070ad1\" data-element_type=\"widget\" data-widget_type=\"text-editor.default\">\n\t\t\t\t<div class=\"elementor-widget-container\">\n\t\t\t<style>\/*! elementor - v3.13.2 - 11-05-2023 *\/\n.elementor-widget-text-editor.elementor-drop-cap-view-stacked .elementor-drop-cap{background-color:#69727d;color:#fff}.elementor-widget-text-editor.elementor-drop-cap-view-framed .elementor-drop-cap{color:#69727d;border:3px solid;background-color:transparent}.elementor-widget-text-editor:not(.elementor-drop-cap-view-default) .elementor-drop-cap{margin-top:8px}.elementor-widget-text-editor:not(.elementor-drop-cap-view-default) .elementor-drop-cap-letter{width:1em;height:1em}.elementor-widget-text-editor .elementor-drop-cap{float:left;text-align:center;line-height:1;font-size:50px}.elementor-widget-text-editor .elementor-drop-cap-letter{display:inline-block}<\/style>\t\t\t\t<p>Choose a location<\/p>\n\t\t\t\t\t\t<\/div>\n\t\t\t\t<\/div>\n\t\t\t\t<div class=\"elementor-element elementor-element-1fdfc75 raven-nav-alignment-center main-layout-horizontal pointer-none submenu-anim-fade raven-dropdown-stretch raven-nav-menu-align-center submenu-position-bottom elementor-widget elementor-widget-raven-advanced-nav-menu\" data-id=\"1fdfc75\" data-element_type=\"widget\" data-settings=\"{&quot;submenu_indicator&quot;:{&quot;value&quot;:&quot;fas fa-angle-down&quot;,&quot;library&quot;:&quot;fa-solid&quot;},&quot;full_width&quot;:&quot;stretch&quot;,&quot;mobile_layout&quot;:&quot;dropdown&quot;,&quot;submenu_opening_position&quot;:&quot;bottom&quot;}\" data-widget_type=\"raven-advanced-nav-menu.default\">\n\t\t\t\t<div class=\"elementor-widget-container\">\n\t\t\t\t\t<!-- Main Menu -->\n\t\t<nav data-layout=\"horizontal\" class=\"raven-adnav-menu-main raven-adnav-menu-horizontal  \">\n\t\t\t\t\t<ul id=\"menu-1fdfc75\" class=\"raven-adnav-menu\">\n\t\t\t\t\t\t\t\t<li class=\"menu-item\" data-width_type=\"default\" data-submenu_pos=\"center\">\n\t\t\t\t\t\t\t\t<a href=\"https:\/\/maoustudio.hu\/orarend-foglalas\/hegyvidek\" class=\"raven-link-item raven-menu-item\">\n\t\t\t\t\t\t<span class=\"link-text\">\n\t\t\t\t<span class=\"link-label\">\n\t\t\t\t\tHegyvid\u00e9k\t\t\t\t<\/span>\n\t\t\t\t\t\t\t<\/span>\n\t\t<\/a>\n\t\t\t\t\t\t\t<\/li>\n\t\t\t\t\t\t\t\t\t\t<li class=\"menu-item\" data-width_type=\"default\" data-submenu_pos=\"center\">\n\t\t\t\t\t\t\t\t<a href=\"https:\/\/maoustudio.hu\/orarend-foglalas\/ujbuda\" class=\"raven-link-item raven-menu-item\">\n\t\t\t\t\t\t<span class=\"link-text\">\n\t\t\t\t<span class=\"link-label\">\n\t\t\t\t\t\u00dajbuda\t\t\t\t<\/span>\n\t\t\t\t\t\t\t<\/span>\n\t\t<\/a>\n\t\t\t\t\t\t\t<\/li>\n\t\t\t\t\t\t\t\t\t\t<li class=\"menu-item\" data-width_type=\"default\" data-submenu_pos=\"center\">\n\t\t\t\t\t\t\t\t<a href=\"https:\/\/maoustudio.hu\/en\/elementor-3515\" class=\"raven-link-item raven-menu-item\">\n\t\t\t\t\t\t<span class=\"link-text\">\n\t\t\t\t<span class=\"link-label\">\n\t\t\t\t\tTab\u00e1n\t\t\t\t<\/span>\n\t\t\t\t\t\t\t<\/span>\n\t\t<\/a>\n\t\t\t\t\t\t\t<\/li>\n\t\t\t\t\t\t\t<\/ul>\n\t\t\t\t<\/nav>\n\t\t\t\t<\/div>\n\t\t\t\t<\/div>\n\t\t\t\t<section class=\"elementor-section elementor-inner-section elementor-element elementor-element-a2f6f74 elementor-section-boxed elementor-section-height-default elementor-section-height-default\" data-id=\"a2f6f74\" data-element_type=\"section\" data-settings=\"{&quot;jet_parallax_layout_list&quot;:[]}\">\n\t\t\t\t\t\t<div class=\"elementor-container elementor-column-gap-wider\">\n\t\t\t\t\t<div class=\"elementor-column elementor-col-33 elementor-inner-column elementor-element elementor-element-5eae9fd\" data-id=\"5eae9fd\" data-element_type=\"column\">\n\t\t\t<div class=\"elementor-widget-wrap elementor-element-populated\">\n\t\t\t\t\t\t\t\t<div class=\"elementor-element elementor-element-842e2b4 elementor-widget elementor-widget-image\" data-id=\"842e2b4\" data-element_type=\"widget\" data-widget_type=\"image.default\">\n\t\t\t\t<div class=\"elementor-widget-container\">\n\t\t\t\t\t\t\t\t\t\t\t\t\t\t\t\t<a href=\"https:\/\/maoustudio.hu\/en\/timetable-booking\/hegyvidek\/\">\n\t\t\t\t\t\t\t<img loading=\"lazy\" decoding=\"async\" width=\"1024\" height=\"1024\" src=\"https:\/\/maoustudio.hu\/wp-content\/uploads\/2024\/09\/Screenshot-2024-09-25-at-22.48.08-1024x1024.png\" class=\"attachment-large size-large wp-image-3194\" alt=\"\" srcset=\"https:\/\/maoustudio.hu\/wp-content\/uploads\/2024\/09\/Screenshot-2024-09-25-at-22.48.08-1024x1024.png 1024w, https:\/\/maoustudio.hu\/wp-content\/uploads\/2024\/09\/Screenshot-2024-09-25-at-22.48.08-300x300.png 300w, https:\/\/maoustudio.hu\/wp-content\/uploads\/2024\/09\/Screenshot-2024-09-25-at-22.48.08-150x150.png 150w, https:\/\/maoustudio.hu\/wp-content\/uploads\/2024\/09\/Screenshot-2024-09-25-at-22.48.08-768x768.png 768w, https:\/\/maoustudio.hu\/wp-content\/uploads\/2024\/09\/Screenshot-2024-09-25-at-22.48.08-500x500.png 500w, https:\/\/maoustudio.hu\/wp-content\/uploads\/2024\/09\/Screenshot-2024-09-25-at-22.48.08-600x600.png 600w, https:\/\/maoustudio.hu\/wp-content\/uploads\/2024\/09\/Screenshot-2024-09-25-at-22.48.08-100x100.png 100w, https:\/\/maoustudio.hu\/wp-content\/uploads\/2024\/09\/Screenshot-2024-09-25-at-22.48.08.png 1236w\" sizes=\"auto, (max-width: 1024px) 100vw, 1024px\" \/>\t\t\t\t\t\t\t\t<\/a>\n\t\t\t\t\t\t\t\t\t\t\t\t\t\t\t<\/div>\n\t\t\t\t<\/div>\n\t\t\t\t\t<\/div>\n\t\t<\/div>\n\t\t\t\t<div class=\"elementor-column elementor-col-33 elementor-inner-column elementor-element elementor-element-1ce79f4\" data-id=\"1ce79f4\" data-element_type=\"column\">\n\t\t\t<div class=\"elementor-widget-wrap elementor-element-populated\">\n\t\t\t\t\t\t\t\t<div class=\"elementor-element elementor-element-46ba351 elementor-widget elementor-widget-image\" data-id=\"46ba351\" data-element_type=\"widget\" data-widget_type=\"image.default\">\n\t\t\t\t<div class=\"elementor-widget-container\">\n\t\t\t\t\t\t\t\t\t\t\t\t\t\t\t\t<a href=\"https:\/\/maoustudio.hu\/en\/timetable-booking\/ujbuda\/\">\n\t\t\t\t\t\t\t<img loading=\"lazy\" decoding=\"async\" width=\"1024\" height=\"1024\" src=\"https:\/\/maoustudio.hu\/wp-content\/uploads\/2024\/09\/Screenshot-2024-09-25-at-22.47.52-1024x1024.png\" class=\"attachment-large size-large wp-image-3196\" alt=\"\" srcset=\"https:\/\/maoustudio.hu\/wp-content\/uploads\/2024\/09\/Screenshot-2024-09-25-at-22.47.52-1024x1024.png 1024w, https:\/\/maoustudio.hu\/wp-content\/uploads\/2024\/09\/Screenshot-2024-09-25-at-22.47.52-300x300.png 300w, https:\/\/maoustudio.hu\/wp-content\/uploads\/2024\/09\/Screenshot-2024-09-25-at-22.47.52-150x150.png 150w, https:\/\/maoustudio.hu\/wp-content\/uploads\/2024\/09\/Screenshot-2024-09-25-at-22.47.52-768x768.png 768w, https:\/\/maoustudio.hu\/wp-content\/uploads\/2024\/09\/Screenshot-2024-09-25-at-22.47.52-500x500.png 500w, https:\/\/maoustudio.hu\/wp-content\/uploads\/2024\/09\/Screenshot-2024-09-25-at-22.47.52-600x600.png 600w, https:\/\/maoustudio.hu\/wp-content\/uploads\/2024\/09\/Screenshot-2024-09-25-at-22.47.52-100x100.png 100w, https:\/\/maoustudio.hu\/wp-content\/uploads\/2024\/09\/Screenshot-2024-09-25-at-22.47.52.png 1236w\" sizes=\"auto, (max-width: 1024px) 100vw, 1024px\" \/>\t\t\t\t\t\t\t\t<\/a>\n\t\t\t\t\t\t\t\t\t\t\t\t\t\t\t<\/div>\n\t\t\t\t<\/div>\n\t\t\t\t\t<\/div>\n\t\t<\/div>\n\t\t\t\t<div class=\"raven-column-link elementor-column elementor-col-33 elementor-inner-column elementor-element elementor-element-6b9f2f1\" data-raven-link=\"https:\/\/maoustudio.hu\/en\/elementor-3515\/\" data-raven-link-target=\"_self\" data-id=\"6b9f2f1\" data-element_type=\"column\">\n\t\t\t<div class=\"elementor-widget-wrap elementor-element-populated\">\n\t\t\t\t\t\t\t\t<div class=\"elementor-element elementor-element-4e076aa elementor-widget elementor-widget-image\" data-id=\"4e076aa\" data-element_type=\"widget\" data-widget_type=\"image.default\">\n\t\t\t\t<div class=\"elementor-widget-container\">\n\t\t\t\t\t\t\t\t\t\t\t\t\t\t\t<img loading=\"lazy\" decoding=\"async\" width=\"1024\" height=\"1024\" src=\"https:\/\/maoustudio.hu\/wp-content\/uploads\/2025\/12\/taban-orarendfoto-1024x1024.jpg\" class=\"attachment-large size-large wp-image-3365\" alt=\"\" srcset=\"https:\/\/maoustudio.hu\/wp-content\/uploads\/2025\/12\/taban-orarendfoto-1024x1024.jpg 1024w, https:\/\/maoustudio.hu\/wp-content\/uploads\/2025\/12\/taban-orarendfoto-300x300.jpg 300w, https:\/\/maoustudio.hu\/wp-content\/uploads\/2025\/12\/taban-orarendfoto-150x150.jpg 150w, https:\/\/maoustudio.hu\/wp-content\/uploads\/2025\/12\/taban-orarendfoto-768x768.jpg 768w, https:\/\/maoustudio.hu\/wp-content\/uploads\/2025\/12\/taban-orarendfoto-500x500.jpg 500w, https:\/\/maoustudio.hu\/wp-content\/uploads\/2025\/12\/taban-orarendfoto-600x600.jpg 600w, https:\/\/maoustudio.hu\/wp-content\/uploads\/2025\/12\/taban-orarendfoto-100x100.jpg 100w, https:\/\/maoustudio.hu\/wp-content\/uploads\/2025\/12\/taban-orarendfoto.jpg 1080w\" sizes=\"auto, (max-width: 1024px) 100vw, 1024px\" \/>\t\t\t\t\t\t\t\t\t\t\t\t\t\t\t<\/div>\n\t\t\t\t<\/div>\n\t\t\t\t\t<\/div>\n\t\t<\/div>\n\t\t\t\t\t\t\t<\/div>\n\t\t<\/section>\n\t\t\t\t\t<\/div>\n\t\t<\/div>\n\t\t\t\t\t\t\t<\/div>\n\t\t<\/section>\n\t\t\t\t<section class=\"elementor-section elementor-top-section elementor-element elementor-element-87e0369 elementor-section-boxed elementor-section-height-default elementor-section-height-default\" data-id=\"87e0369\" data-element_type=\"section\" data-settings=\"{&quot;jet_parallax_layout_list&quot;:[]}\">\n\t\t\t\t\t\t<div class=\"elementor-container elementor-column-gap-wider\">\n\t\t\t\t\t<div class=\"elementor-column elementor-col-100 elementor-top-column elementor-element elementor-element-38e5617\" data-id=\"38e5617\" data-element_type=\"column\">\n\t\t\t<div class=\"elementor-widget-wrap elementor-element-populated\">\n\t\t\t\t\t\t\t\t<div class=\"elementor-element elementor-element-e85564a elementor-widget elementor-widget-heading\" data-id=\"e85564a\" data-element_type=\"widget\" data-widget_type=\"heading.default\">\n\t\t\t\t<div class=\"elementor-widget-container\">\n\t\t\t<style>\/*! elementor - v3.13.2 - 11-05-2023 *\/\n.elementor-heading-title{padding:0;margin:0;line-height:1}.elementor-widget-heading .elementor-heading-title[class*=elementor-size-]>a{color:inherit;font-size:inherit;line-height:inherit}.elementor-widget-heading .elementor-heading-title.elementor-size-small{font-size:15px}.elementor-widget-heading .elementor-heading-title.elementor-size-medium{font-size:19px}.elementor-widget-heading .elementor-heading-title.elementor-size-large{font-size:29px}.elementor-widget-heading .elementor-heading-title.elementor-size-xl{font-size:39px}.elementor-widget-heading .elementor-heading-title.elementor-size-xxl{font-size:59px}<\/style><p class=\"elementor-heading-title elementor-size-default\">Booking rules<\/p>\t\t<\/div>\n\t\t\t\t<\/div>\n\t\t\t\t<div class=\"elementor-element elementor-element-4cb74d3 elementor-widget elementor-widget-text-editor\" data-id=\"4cb74d3\" data-element_type=\"widget\" data-widget_type=\"text-editor.default\">\n\t\t\t\t<div class=\"elementor-widget-container\">\n\t\t\t\t\t\t\t<p>Booking via Motibro system after sign-up. By reserving a spot you accept all the rules of Maou Studio regarding the booking.<br \/>If you cannot attend a pre-registered class, please cancel your reservation at least 24 hours prior the start of the class.<br \/>In case of late cancellations or no-shows, Maou Studio reserves the right to charge the full fee.<br \/>The classes are 50 minutes long, please arrive on time, not to disturb the beginning class.<br \/>Participation in the classes and use of the equipment is at everyone\u2019s own risk. <\/p>\n\t\t\t\t\t\t<\/div>\n\t\t\t\t<\/div>\n\t\t\t\t<div class=\"elementor-element elementor-element-c036c0e elementor-align-left elementor-widget elementor-widget-raven-button\" data-id=\"c036c0e\" data-element_type=\"widget\" data-widget_type=\"raven-button.default\">\n\t\t\t\t<div class=\"elementor-widget-container\">\n\t\t\t\t\t<div class=\"raven-widget-wrapper\">\n\t\t\t<a class=\"raven-button raven-button-widget-normal-effect-none raven-button-text-align- raven-button-link elementor-animation-none\" href=\"https:\/\/maoustudio.hu\/en\/faqs\/\">\n\t\t\t\t<span class=\"raven-button-content\">\n\t\t\t\t\t\n\t\t\t\t\t<div class=\"button-text-container\">\n\t\t\t\t\t\t\t\t\t\t\t\t<div class=\"raven-button-texts-wrapper\">\n\t\t\t\t\t\t\t<div class=\"button-text\">\n\t\t\t\t\t\t\t\t<span class=\"raven-button-text\">\n\t\t\t\t\t\t\t\t\tFrequently Asked Questions\t\t\t\t\t\t\t\t<\/span>\n\t\t\t\t\t\t\t<\/div>\n\t\t\t\t\t\t\t\t\t\t\t\t\t<\/div>\n\t\t\t\t\t\t\t\t\t\t\t<\/div>\n\t\t\t\t\t\n\t\t\t\t\t\t\t\t\t<\/span>\n\t\t\t<\/a>\n\t\t<\/div>\n\t\t\t\t<\/div>\n\t\t\t\t<\/div>\n\t\t\t\t\t<\/div>\n\t\t<\/div>\n\t\t\t\t\t\t\t<\/div>\n\t\t<\/section>\n\t\t\t\t\t\t\t<\/div>\n\t\t","protected":false},"excerpt":{"rendered":"<p>Timetable \/ Booking Choose a location Hegyvid\u00e9k \u00dajbuda Tab\u00e1n Booking rules Booking via Motibro system after sign-up. By reserving a spot you accept all the rules of Maou Studio regarding the booking.If you cannot attend a pre-registered class, please cancel your reservation at least 24 hours prior the start of the class.In case of late [&hellip;]<\/p>\n","protected":false},"author":1,"featured_media":0,"parent":0,"menu_order":0,"comment_status":"closed","ping_status":"closed","template":"","meta":{"footnotes":""},"class_list":["post-2541","page","type-page","status-publish","hentry"],"acf":[],"yoast_head":"<!-- This site is optimized with the Yoast SEO plugin v20.7 - https:\/\/yoast.com\/wordpress\/plugins\/seo\/ -->\n<title>Timetable \/ Booking - Maou Boutique Reformer Pilates Studio<\/title>\n<meta name=\"robots\" content=\"index, follow, max-snippet:-1, max-image-preview:large, max-video-preview:-1\" \/>\n<link rel=\"canonical\" href=\"https:\/\/maoustudio.hu\/en\/timetable-booking\/\" \/>\n<meta property=\"og:locale\" content=\"en_US\" \/>\n<meta property=\"og:type\" content=\"article\" \/>\n<meta property=\"og:title\" content=\"Timetable \/ Booking - Maou Boutique Reformer Pilates Studio\" \/>\n<meta property=\"og:description\" content=\"Timetable \/ Booking Choose a location Hegyvid\u00e9k \u00dajbuda Tab\u00e1n Booking rules Booking via Motibro system after sign-up. By reserving a spot you accept all the rules of Maou Studio regarding the booking.If you cannot attend a pre-registered class, please cancel your reservation at least 24 hours prior the start of the class.In case of late [&hellip;]\" \/>\n<meta property=\"og:url\" content=\"https:\/\/maoustudio.hu\/en\/timetable-booking\/\" \/>\n<meta property=\"og:site_name\" content=\"Maou Boutique Reformer Pilates Studio\" \/>\n<meta property=\"article:publisher\" content=\"https:\/\/www.facebook.com\/maoustudio\" \/>\n<meta property=\"article:modified_time\" content=\"2025-12-18T05:18:35+00:00\" \/>\n<meta property=\"og:image\" content=\"https:\/\/maoustudio.hu\/wp-content\/uploads\/elementor\/thumbs\/Screenshot-2024-09-25-at-22.48.28-qun865n5iuwyf2t0zi5w7s0pc24dygupugjy6knv40.png\" \/>\n<meta name=\"twitter:card\" content=\"summary_large_image\" \/>\n<meta name=\"twitter:label1\" content=\"Est. reading time\" \/>\n\t<meta name=\"twitter:data1\" content=\"2 minutes\" \/>\n<script type=\"application\/ld+json\" class=\"yoast-schema-graph\">{\"@context\":\"https:\/\/schema.org\",\"@graph\":[{\"@type\":\"WebPage\",\"@id\":\"https:\/\/maoustudio.hu\/en\/timetable-booking\/\",\"url\":\"https:\/\/maoustudio.hu\/en\/timetable-booking\/\",\"name\":\"Timetable \/ Booking - Maou Boutique Reformer Pilates Studio\",\"isPartOf\":{\"@id\":\"https:\/\/maoustudio.hu\/en\/#website\"},\"datePublished\":\"2023-02-11T12:07:37+00:00\",\"dateModified\":\"2025-12-18T05:18:35+00:00\",\"breadcrumb\":{\"@id\":\"https:\/\/maoustudio.hu\/en\/timetable-booking\/#breadcrumb\"},\"inLanguage\":\"en-US\",\"potentialAction\":[{\"@type\":\"ReadAction\",\"target\":[\"https:\/\/maoustudio.hu\/en\/timetable-booking\/\"]}]},{\"@type\":\"BreadcrumbList\",\"@id\":\"https:\/\/maoustudio.hu\/en\/timetable-booking\/#breadcrumb\",\"itemListElement\":[{\"@type\":\"ListItem\",\"position\":1,\"name\":\"Kezd\u0151lap\",\"item\":\"https:\/\/maoustudio.hu\/en\/\"},{\"@type\":\"ListItem\",\"position\":2,\"name\":\"Timetable \/ Booking\"}]},{\"@type\":\"WebSite\",\"@id\":\"https:\/\/maoustudio.hu\/en\/#website\",\"url\":\"https:\/\/maoustudio.hu\/en\/\",\"name\":\"Maou Boutique Reformer Pilates Studio\",\"description\":\"Boutique Reformer Pilates Studio\",\"publisher\":{\"@id\":\"https:\/\/maoustudio.hu\/en\/#organization\"},\"potentialAction\":[{\"@type\":\"SearchAction\",\"target\":{\"@type\":\"EntryPoint\",\"urlTemplate\":\"https:\/\/maoustudio.hu\/en\/?s={search_term_string}\"},\"query-input\":\"required name=search_term_string\"}],\"inLanguage\":\"en-US\"},{\"@type\":\"Organization\",\"@id\":\"https:\/\/maoustudio.hu\/en\/#organization\",\"name\":\"Maou Boutique Reformer Pilates Studio\",\"url\":\"https:\/\/maoustudio.hu\/en\/\",\"logo\":{\"@type\":\"ImageObject\",\"inLanguage\":\"en-US\",\"@id\":\"https:\/\/maoustudio.hu\/en\/#\/schema\/logo\/image\/\",\"url\":\"https:\/\/i0.wp.com\/maoustudio.hu\/wp-content\/uploads\/2023\/05\/maou-ico.png?fit=512%2C512&ssl=1\",\"contentUrl\":\"https:\/\/i0.wp.com\/maoustudio.hu\/wp-content\/uploads\/2023\/05\/maou-ico.png?fit=512%2C512&ssl=1\",\"width\":512,\"height\":512,\"caption\":\"Maou Boutique Reformer Pilates Studio\"},\"image\":{\"@id\":\"https:\/\/maoustudio.hu\/en\/#\/schema\/logo\/image\/\"},\"sameAs\":[\"https:\/\/www.facebook.com\/maoustudio\",\"https:\/\/www.instagram.com\/maoupilates\/\",\"https:\/\/www.youtube.com\/@MaouPilatesStudio\"]}]}<\/script>\n<!-- \/ Yoast SEO plugin. -->","yoast_head_json":{"title":"Timetable \/ Booking - Maou Boutique Reformer Pilates Studio","robots":{"index":"index","follow":"follow","max-snippet":"max-snippet:-1","max-image-preview":"max-image-preview:large","max-video-preview":"max-video-preview:-1"},"canonical":"https:\/\/maoustudio.hu\/en\/timetable-booking\/","og_locale":"en_US","og_type":"article","og_title":"Timetable \/ Booking - Maou Boutique Reformer Pilates Studio","og_description":"Timetable \/ Booking Choose a location Hegyvid\u00e9k \u00dajbuda Tab\u00e1n Booking rules Booking via Motibro system after sign-up. By reserving a spot you accept all the rules of Maou Studio regarding the booking.If you cannot attend a pre-registered class, please cancel your reservation at least 24 hours prior the start of the class.In case of late [&hellip;]","og_url":"https:\/\/maoustudio.hu\/en\/timetable-booking\/","og_site_name":"Maou Boutique Reformer Pilates Studio","article_publisher":"https:\/\/www.facebook.com\/maoustudio","article_modified_time":"2025-12-18T05:18:35+00:00","og_image":[{"url":"https:\/\/maoustudio.hu\/wp-content\/uploads\/elementor\/thumbs\/Screenshot-2024-09-25-at-22.48.28-qun865n5iuwyf2t0zi5w7s0pc24dygupugjy6knv40.png"}],"twitter_card":"summary_large_image","twitter_misc":{"Est. reading time":"2 minutes"},"schema":{"@context":"https:\/\/schema.org","@graph":[{"@type":"WebPage","@id":"https:\/\/maoustudio.hu\/en\/timetable-booking\/","url":"https:\/\/maoustudio.hu\/en\/timetable-booking\/","name":"Timetable \/ Booking - Maou Boutique Reformer Pilates Studio","isPartOf":{"@id":"https:\/\/maoustudio.hu\/en\/#website"},"datePublished":"2023-02-11T12:07:37+00:00","dateModified":"2025-12-18T05:18:35+00:00","breadcrumb":{"@id":"https:\/\/maoustudio.hu\/en\/timetable-booking\/#breadcrumb"},"inLanguage":"en-US","potentialAction":[{"@type":"ReadAction","target":["https:\/\/maoustudio.hu\/en\/timetable-booking\/"]}]},{"@type":"BreadcrumbList","@id":"https:\/\/maoustudio.hu\/en\/timetable-booking\/#breadcrumb","itemListElement":[{"@type":"ListItem","position":1,"name":"Kezd\u0151lap","item":"https:\/\/maoustudio.hu\/en\/"},{"@type":"ListItem","position":2,"name":"Timetable \/ Booking"}]},{"@type":"WebSite","@id":"https:\/\/maoustudio.hu\/en\/#website","url":"https:\/\/maoustudio.hu\/en\/","name":"Maou Boutique Reformer Pilates Studio","description":"Boutique Reformer Pilates Studio","publisher":{"@id":"https:\/\/maoustudio.hu\/en\/#organization"},"potentialAction":[{"@type":"SearchAction","target":{"@type":"EntryPoint","urlTemplate":"https:\/\/maoustudio.hu\/en\/?s={search_term_string}"},"query-input":"required name=search_term_string"}],"inLanguage":"en-US"},{"@type":"Organization","@id":"https:\/\/maoustudio.hu\/en\/#organization","name":"Maou Boutique Reformer Pilates Studio","url":"https:\/\/maoustudio.hu\/en\/","logo":{"@type":"ImageObject","inLanguage":"en-US","@id":"https:\/\/maoustudio.hu\/en\/#\/schema\/logo\/image\/","url":"https:\/\/i0.wp.com\/maoustudio.hu\/wp-content\/uploads\/2023\/05\/maou-ico.png?fit=512%2C512&ssl=1","contentUrl":"https:\/\/i0.wp.com\/maoustudio.hu\/wp-content\/uploads\/2023\/05\/maou-ico.png?fit=512%2C512&ssl=1","width":512,"height":512,"caption":"Maou Boutique Reformer Pilates Studio"},"image":{"@id":"https:\/\/maoustudio.hu\/en\/#\/schema\/logo\/image\/"},"sameAs":["https:\/\/www.facebook.com\/maoustudio","https:\/\/www.instagram.com\/maoupilates\/","https:\/\/www.youtube.com\/@MaouPilatesStudio"]}]}},"_links":{"self":[{"href":"https:\/\/maoustudio.hu\/en\/wp-json\/wp\/v2\/pages\/2541","targetHints":{"allow":["GET"]}}],"collection":[{"href":"https:\/\/maoustudio.hu\/en\/wp-json\/wp\/v2\/pages"}],"about":[{"href":"https:\/\/maoustudio.hu\/en\/wp-json\/wp\/v2\/types\/page"}],"author":[{"embeddable":true,"href":"https:\/\/maoustudio.hu\/en\/wp-json\/wp\/v2\/users\/1"}],"replies":[{"embeddable":true,"href":"https:\/\/maoustudio.hu\/en\/wp-json\/wp\/v2\/comments?post=2541"}],"version-history":[{"count":26,"href":"https:\/\/maoustudio.hu\/en\/wp-json\/wp\/v2\/pages\/2541\/revisions"}],"predecessor-version":[{"id":3528,"href":"https:\/\/maoustudio.hu\/en\/wp-json\/wp\/v2\/pages\/2541\/revisions\/3528"}],"wp:attachment":[{"href":"https:\/\/maoustudio.hu\/en\/wp-json\/wp\/v2\/media?parent=2541"}],"curies":[{"name":"wp","href":"https:\/\/api.w.org\/{rel}","templated":true}]}}